{"id":94,"date":"2024-01-30T11:10:00","date_gmt":"2024-01-30T11:10:00","guid":{"rendered":"https:\/\/yourcloudnetwork.net\/projects\/expo_bois\/?page_id=94"},"modified":"2026-04-14T15:43:43","modified_gmt":"2026-04-14T15:43:43","slug":"travel","status":"publish","type":"page","link":"https:\/\/expodesign.ca\/en\/travel\/","title":{"rendered":"Travel"},"content":{"rendered":"\t\t<div data-elementor-type=\"wp-page\" data-elementor-id=\"94\" class=\"elementor elementor-94\" data-elementor-post-type=\"page\">\n\t\t\t\t\t\t<section class=\"elementor-section elementor-top-section elementor-element elementor-element-62a5d57 elementor-section-full_width elementor-section-height-min-height elementor-section-height-default elementor-section-items-middle\" data-id=\"62a5d57\" data-element_type=\"section\" data-settings=\"{&quot;background_background&quot;:&quot;classic&quot;}\">\n\t\t\t\t\t\t\t<div class=\"elementor-background-overlay\"><\/div>\n\t\t\t\t\t\t\t<div class=\"elementor-container elementor-column-gap-no\">\n\t\t\t\t\t<div class=\"elementor-column elementor-col-100 elementor-top-column elementor-element elementor-element-a31d8b3\" data-id=\"a31d8b3\" data-element_type=\"column\">\n\t\t\t<div class=\"elementor-widget-wrap elementor-element-populated\">\n\t\t\t\t\t\t<div class=\"elementor-element elementor-element-0b7ebc1 elementor-widget elementor-widget-html\" data-id=\"0b7ebc1\" data-element_type=\"widget\" data-widget_type=\"html.default\">\n\t\t\t\t<div class=\"elementor-widget-container\">\n\t\t\t<section class=\"expo-travel-hero\">\r\n  <div class=\"expo-travel-hero__container\">\r\n    <div class=\"expo-travel-hero__content\">\r\n      <span class=\"expo-travel-hero__label\"><\/span>\r\n      <h1>Plan your visit<\/h1>\r\n      <p>\r\n        All the practical information you need to plan your visit to Expo Design,\r\n        on October 7 and 8, 2026 at the Palais des congr\u00e8s de Montr\u00e9al.\r\n      <\/p>\r\n\r\n      <div class=\"expo-travel-hero__actions\">\r\n        <!--a href=\"\/fr\/inscription\/\" class=\"expo-travel-btn\">Register<\/a-->\r\n        <a href=\"\/fr\/exposants\/\" class=\"expo-travel-btn\">View exhibitors<\/a>\r\n      <\/div>\r\n    <\/div>\r\n\r\n    <div class=\"expo-travel-hero__media\">\r\n      <img decoding=\"async\" src=\"https:\/\/expodesign.ca\/wp-content\/uploads\/2026\/01\/R5MK6602-scaled.jpg\" alt=\"Montreal skyline or Palais des congr\u00e8s\">\r\n    <\/div>\r\n  <\/div>\r\n<\/section>\t\t<\/div>\n\t\t\t\t<\/div>\n\t\t\t\t<div class=\"elementor-element elementor-element-d3c3d7d elementor-widget elementor-widget-html\" data-id=\"d3c3d7d\" data-element_type=\"widget\" data-widget_type=\"html.default\">\n\t\t\t\t<div class=\"elementor-widget-container\">\n\t\t\t<section class=\"expo-travel-location\">\r\n  <div class=\"expo-travel-location__container\">\r\n    <div class=\"expo-travel-location__intro\">\r\n      <span class=\"expo-travel-section-label\"><\/span>\r\n      <h2>Join us in the heart of Montreal<\/h2>\r\n      <p>\r\n        Expo Design will take place at the Palais des congr\u00e8s de Montr\u00e9al, a central location\r\n        easily accessible by car, public transit, and major transportation routes.\r\n      <\/p>\r\n    <\/div>\r\n\r\n    <div class=\"expo-travel-location__grid\">\r\n      <div class=\"expo-travel-location__card\">\r\n        <span class=\"expo-travel-location__card-label\">Dates<\/span>\r\n        <h3>October 7\u20138, 2026<\/h3>\r\n      <\/div>\r\n\r\n      <div class=\"expo-travel-location__card\">\r\n        <span class=\"expo-travel-location__card-label\">Venue<\/span>\r\n        <h3>Palais des congr\u00e8s de Montr\u00e9al<\/h3>\r\n      <\/div>\r\n\r\n      <div class=\"expo-travel-location__card\">\r\n        <span class=\"expo-travel-location__card-label\">City<\/span>\r\n        <h3>Montreal, Quebec<\/h3>\r\n      <\/div>\r\n    <\/div>\r\n\r\n    <div class=\"expo-travel-location__actions\">\r\n      <button type=\"button\" class=\"expo-travel-btn\" id=\"expoOpenMapPopup\">\r\n        Plan my route\r\n      <\/button>\r\n    <\/div>\r\n  <\/div>\r\n\r\n  <!-- POP-UP -->\r\n  <div class=\"expo-map-popup\" id=\"expoMapPopup\" aria-hidden=\"true\">\r\n    <div class=\"expo-map-popup__overlay\" data-close-popup><\/div>\r\n\r\n    <div class=\"expo-map-popup__dialog\" role=\"dialog\" aria-modal=\"true\" aria-labelledby=\"expoMapTitle\">\r\n      <button type=\"button\" class=\"expo-map-popup__close\" id=\"expoCloseMapPopup\" aria-label=\"Close\">\r\n        \u00d7\r\n      <\/button>\r\n\r\n      <div class=\"expo-map-popup__header\">\r\n        <span class=\"expo-map-popup__eyebrow\">Directions<\/span>\r\n        <h3 id=\"expoMapTitle\">Easily access the Palais des congr\u00e8s<\/h3>\r\n        <p>\r\n          View the location directly in Google Maps and plan your route without leaving the page.\r\n        <\/p>\r\n      <\/div>\r\n\r\n      <div class=\"expo-map-popup__map-wrap\">\r\n        <iframe\r\n          class=\"expo-map-popup__map\"\r\n          src=\"https:\/\/maps.google.com\/maps?q=Palais%20des%20congr%C3%A8s%20de%20Montr%C3%A9al&t=&z=15&ie=UTF8&iwloc=&output=embed\"\r\n          loading=\"lazy\"\r\n          allowfullscreen\r\n          referrerpolicy=\"no-referrer-when-downgrade\"\r\n          title=\"Map of the Palais des congr\u00e8s de Montr\u00e9al\">\r\n        <\/iframe>\r\n      <\/div>\r\n\r\n      <div class=\"expo-map-popup__actions\">\r\n        <a\r\n          href=\"https:\/\/www.google.com\/maps?q=Palais+des+congr%C3%A8s+de+Montr%C3%A9al\"\r\n          target=\"_blank\"\r\n          rel=\"noopener noreferrer\"\r\n          class=\"expo-travel-btn\">\r\n          Open in Google Maps\r\n        <\/a>\r\n\r\n        <button type=\"button\" class=\"expo-map-popup__secondary\" data-close-popup>\r\n          Cancel\r\n        <\/button>\r\n      <\/div>\r\n    <\/div>\r\n  <\/div>\r\n<\/section>\t\t<\/div>\n\t\t\t\t<\/div>\n\t\t\t\t<div class=\"elementor-element elementor-element-ffe51b1 elementor-widget elementor-widget-html\" data-id=\"ffe51b1\" data-element_type=\"widget\" data-widget_type=\"html.default\">\n\t\t\t\t<div class=\"elementor-widget-container\">\n\t\t\t<section class=\"expo-travel-access\">\r\n  <div class=\"expo-travel-access__container\">\r\n    <div class=\"expo-travel-access__intro\">\r\n      <span class=\"expo-travel-section-label\"><\/span>\r\n      <h2>Choose the way that works best for you<\/h2>\r\n    <\/div>\r\n\r\n    <div class=\"expo-travel-access__grid\">\r\n      <article class=\"expo-travel-access__card\">\r\n        <h3>By car<\/h3>\r\n        <p>\r\n          Easily access downtown and plan your parking near the event venue.\r\n        <\/p>\r\n      <\/article>\r\n\r\n      <article class=\"expo-travel-access__card\">\r\n        <h3>Public transit<\/h3>\r\n        <p>\r\n          The Palais des congr\u00e8s is well served by the metro and Montreal\u2019s main transit networks.\r\n        <\/p>\r\n      <\/article>\r\n\r\n      <article class=\"expo-travel-access__card\">\r\n        <h3>By air or train<\/h3>\r\n        <p>\r\n          A convenient option for visitors traveling from outside Greater Montreal or across Canada.\r\n        <\/p>\r\n      <\/article>\r\n    <\/div>\r\n  <\/div>\r\n<\/section>\t\t<\/div>\n\t\t\t\t<\/div>\n\t\t\t\t<div class=\"elementor-element elementor-element-610d48b elementor-widget elementor-widget-html\" data-id=\"610d48b\" data-element_type=\"widget\" data-widget_type=\"html.default\">\n\t\t\t\t<div class=\"elementor-widget-container\">\n\t\t\t<section class=\"expo-travel-practical\">\r\n  <div class=\"expo-travel-practical__container\">\r\n    <div class=\"expo-travel-practical__intro\">\r\n      <span class=\"expo-travel-section-label\">Practical Information<\/span>\r\n      <h2>Helpful tips before your arrival<\/h2>\r\n    <\/div>\r\n\r\n    <div class=\"expo-travel-practical__grid\">\r\n      <div class=\"expo-travel-practical__item\">\r\n        <h3>Registration<\/h3>\r\n        <p>Complete your registration in advance to ensure a smooth arrival.<\/p>\r\n      <\/div>\r\n\r\n      <div class=\"expo-travel-practical__item\">\r\n        <h3>Schedule<\/h3>\r\n        <p>Review the event schedule and plan your meetings ahead of your visit.<\/p>\r\n      <\/div>\r\n\r\n      <div class=\"expo-travel-practical__item\">\r\n        <h3>Your visit<\/h3>\r\n        <p>Plan your route by exploring exhibitors, conferences, and key areas of interest.<\/p>\r\n      <\/div>\r\n    <\/div>\r\n  <\/div>\r\n<\/section>\t\t<\/div>\n\t\t\t\t<\/div>\n\t\t\t\t<div class=\"elementor-element elementor-element-3f86885 elementor-widget elementor-widget-html\" data-id=\"3f86885\" data-element_type=\"widget\" data-widget_type=\"html.default\">\n\t\t\t\t<div class=\"elementor-widget-container\">\n\t\t\t<section class=\"expo-travel-cta\">\r\n  <div class=\"expo-travel-cta__container\">\r\n    <div class=\"expo-travel-cta__card\">\r\n      <span class=\"expo-travel-section-label\">Ready to plan your visit?<\/span>\r\n      <h2>Register and prepare your Expo Design experience<\/h2>\r\n      <p>\r\n        Explore exhibitors, organize your trip, and make sure you get the most out of the event.\r\n      <\/p>\r\n\r\n      <div class=\"expo-travel-cta__actions\">\r\n        <a href=\"\/fr\/inscription\/\" class=\"expo-travel-btn\">Register<\/a>\r\n        <a href=\"\/fr\/exposants\/\" class=\"expo-travel-btn\">View exhibitors<\/a>\r\n      <\/div>\r\n    <\/div>\r\n  <\/div>\r\n<\/section>\t\t<\/div>\n\t\t\t\t<\/div>\n\t\t\t\t\t<\/div>\n\t\t<\/div>\n\t\t\t\t\t<\/div>\n\t\t<\/section>\n\t\t\t\t<\/div>\n\t\t","protected":false},"excerpt":{"rendered":"<p>Plan your visit All the practical information you need to plan your visit to Expo Design, on October 7 and 8, 2026 at the Palais des congr\u00e8s de Montr\u00e9al. View exhibitors Join us in the heart of Montreal Expo Design will take place at the Palais des congr\u00e8s de Montr\u00e9al, a central location easily accessible [&hellip;]<\/p>\n","protected":false},"author":1,"featured_media":0,"parent":0,"menu_order":0,"comment_status":"closed","ping_status":"closed","template":"","meta":{"footnotes":""},"class_list":["post-94","page","type-page","status-publish","hentry"],"_links":{"self":[{"href":"https:\/\/expodesign.ca\/en\/wp-json\/wp\/v2\/pages\/94","targetHints":{"allow":["GET"]}}],"collection":[{"href":"https:\/\/expodesign.ca\/en\/wp-json\/wp\/v2\/pages"}],"about":[{"href":"https:\/\/expodesign.ca\/en\/wp-json\/wp\/v2\/types\/page"}],"author":[{"embeddable":true,"href":"https:\/\/expodesign.ca\/en\/wp-json\/wp\/v2\/users\/1"}],"replies":[{"embeddable":true,"href":"https:\/\/expodesign.ca\/en\/wp-json\/wp\/v2\/comments?post=94"}],"version-history":[{"count":175,"href":"https:\/\/expodesign.ca\/en\/wp-json\/wp\/v2\/pages\/94\/revisions"}],"predecessor-version":[{"id":7738,"href":"https:\/\/expodesign.ca\/en\/wp-json\/wp\/v2\/pages\/94\/revisions\/7738"}],"wp:attachment":[{"href":"https:\/\/expodesign.ca\/en\/wp-json\/wp\/v2\/media?parent=94"}],"curies":[{"name":"wp","href":"https:\/\/api.w.org\/{rel}","templated":true}]}}