{"id":2507,"date":"2024-01-30T08:54:52","date_gmt":"2024-01-30T08:54:52","guid":{"rendered":"https:\/\/yourcloudnetwork.net\/projects\/expo_bois\/accueil\/"},"modified":"2026-04-27T19:02:23","modified_gmt":"2026-04-27T19:02:23","slug":"accueil","status":"publish","type":"page","link":"https:\/\/expodesign.ca\/fr\/","title":{"rendered":"Accueil"},"content":{"rendered":"\t\t<div data-elementor-type=\"wp-page\" data-elementor-id=\"2507\" class=\"elementor elementor-2507 elementor-12\" data-elementor-post-type=\"page\">\n\t\t\t\t\t\t<section class=\"elementor-section elementor-top-section elementor-element elementor-element-93042cb elementor-section-full_width elementor-section-height-default elementor-section-height-default\" data-id=\"93042cb\" data-element_type=\"section\">\n\t\t\t\t\t\t<div class=\"elementor-container elementor-column-gap-default\">\n\t\t\t\t\t<div class=\"elementor-column elementor-col-100 elementor-top-column elementor-element elementor-element-cc51503\" data-id=\"cc51503\" data-element_type=\"column\" data-settings=\"{&quot;background_background&quot;:&quot;classic&quot;}\">\n\t\t\t<div class=\"elementor-widget-wrap elementor-element-populated\">\n\t\t\t\t\t<div class=\"elementor-background-overlay\"><\/div>\n\t\t\t\t\t\t<div class=\"elementor-element elementor-element-336a51e elementor-widget elementor-widget-html\" data-id=\"336a51e\" data-element_type=\"widget\" data-widget_type=\"html.default\">\n\t\t\t\t<div class=\"elementor-widget-container\">\n\t\t\t<section class=\"expo-hero-v2\">\r\n  <video class=\"expo-hero-v2__video\" autoplay muted loop playsinline>\r\n    <source src=\"https:\/\/expodesign.ca\/wp-content\/uploads\/2026\/03\/expobois-versioncourte-v1-test-3-mbps-1920x1080-0son-coupe-33s-noir-65-1.mp4\" type=\"video\/mp4\">\r\n  <\/video>\r\n\r\n  <div class=\"expo-hero-v2__overlay\"><\/div>\r\n\r\n  <div class=\"expo-hero-v2__content\">\r\n    <div class=\"expo-hero-v2__content-inner\">\r\n      <p class=\"expo-hero-v2__eyebrow\"><\/p>\r\n\r\n      <h1 class=\"expo-hero-v2__title\">\r\n        Le rendez-vous<br>\r\n        du design au Qu\u00e9bec\r\n      <\/h1>\r\n\r\n      <p class=\"expo-hero-v2__text\">\r\n        Deux jours pour d\u00e9couvrir les marques, mat\u00e9riaux et innovations qui fa\u00e7onnent l\u2019environnement du design.\r\n      <\/p>\r\n\r\n      <div class=\"expo-hero-v2__actions\">\r\n        <a href=\"https:\/\/dashboard.pairconnex.app\/\/inscription\/form?id=76791dea-02a0-456a-a7a2-c290176b604c\" class=\"expo-hero-v2__btn expo-hero-v2__btn--primary\">S\u2019inscrire<\/a>\r\n        <a href=\"\/exposer\" class=\"expo-hero-v2__btn expo-hero-v2__btn--secondary\">Exposer<\/a>\r\n      <\/div>\r\n    <\/div>\r\n  <\/div>\r\n<\/section>\t\t<\/div>\n\t\t\t\t<\/div>\n\t\t\t\t<div class=\"elementor-element elementor-element-c4514eb elementor-widget elementor-widget-html\" data-id=\"c4514eb\" data-element_type=\"widget\" data-widget_type=\"html.default\">\n\t\t\t\t<div class=\"elementor-widget-container\">\n\t\t\t<section class=\"expo-immersive\">\r\n  <div class=\"expo-immersive__intro\">\r\n    <p class=\"expo-immersive__eyebrow\"><\/p>\r\n    <h2 class=\"expo-immersive__title\">\r\n      Un \u00e9v\u00e9nement pens\u00e9 pour inspirer, connecter et faire d\u00e9couvrir\r\n    <\/h2>\r\n  <\/div>\r\n\r\n  <div class=\"expo-immersive__grid\">\r\n    <figure class=\"expo-immersive__item expo-immersive__item--large\">\r\n      <img decoding=\"async\" src=\"https:\/\/expodesign.ca\/wp-content\/uploads\/2026\/01\/Capture-decran-2026-01-14-104027.png\" alt=\"Ambiance g\u00e9n\u00e9rale Expo Design\">\r\n      <figcaption>Une atmosph\u00e8re o\u00f9 r\u00e8gnent le design, l'innovation et les rencontres d'affaires.<\/figcaption>\r\n    <\/figure>\r\n\r\n    <figure class=\"expo-immersive__item\">\r\n      <img decoding=\"async\" src=\"https:\/\/expodesign.ca\/wp-content\/uploads\/2026\/01\/BET00408-scaled.jpg\" alt=\"Mat\u00e9riaux et surfaces\">\r\n      <figcaption>Des mati\u00e8res, des textures et des nouveaut\u00e9s \u00e0 d\u00e9couvrir sur le plancher.<\/figcaption>\r\n    <\/figure>\r\n\r\n    <figure class=\"expo-immersive__item\">\r\n      <img decoding=\"async\" src=\"https:\/\/expodesign.ca\/wp-content\/uploads\/2026\/01\/BET00399-scaled.jpg\" alt=\"\u00c9changes entre visiteurs et exposants\">\r\n      <figcaption>Des \u00e9changes concrets entre exposants, designers, architectes et fabricants.<\/figcaption>\r\n    <\/figure>\r\n  <\/div>\r\n<\/section>\t\t<\/div>\n\t\t\t\t<\/div>\n\t\t\t\t<div class=\"elementor-element elementor-element-31a0b65 elementor-widget elementor-widget-html\" data-id=\"31a0b65\" data-element_type=\"widget\" data-widget_type=\"html.default\">\n\t\t\t\t<div class=\"elementor-widget-container\">\n\t\t\t<section class=\"expo-signature\">\r\n  <div class=\"expo-signature__inner\">\r\n\r\n    <div class=\"expo-signature__header\">\r\n      <p class=\"expo-signature__eyebrow\"><\/p>\r\n\r\n      <h2 class=\"expo-signature__title\">\r\n        Expo Design est produit par DSR,<br>\r\n        en alliance avec INT. Design\r\n      <\/h2>\r\n\r\n      <p class=\"expo-signature__text\">\r\n        Pens\u00e9 pour r\u00e9pondre aux attentes des architectes, designers et leaders de l\u2019industrie, Expo Design s\u2019allie \u00e0 une production solide et une direction cr\u00e9ative reconnue afin d\u2019offrir une exp\u00e9rience toujours plus riche et inspirante.\r\n      <\/p>\r\n    <\/div>\r\n\r\n    <div class=\"expo-signature__band\">\r\n      \r\n      <div class=\"expo-signature__item\">\r\n        <span class=\"expo-signature__label\">Produite par<\/span>\r\n        <img decoding=\"async\"\r\n          class=\"expo-signature__logo expo-signature__logo--dsr\"\r\n          src=\"https:\/\/expodesign.ca\/wp-content\/uploads\/2025\/07\/DSR_Noir-1-scaled-1.png\"\r\n          alt=\"DSR\"\r\n        >\r\n      <\/div>\r\n\r\n      <div class=\"expo-signature__divider\"><\/div>\r\n\r\n      <div class=\"expo-signature__item\">\r\n        <span class=\"expo-signature__label\">En alliance avec<\/span>\r\n        <img decoding=\"async\"\r\n          class=\"expo-signature__logo expo-signature__logo--pid\"\r\n          src=\"https:\/\/expodesign.ca\/wp-content\/uploads\/2026\/03\/Creation-sans-titre-5.png\"\r\n          alt=\"INT. Design\"\r\n        >\r\n      <\/div>\r\n\r\n    <\/div>\r\n\r\n  <\/div>\r\n<\/section>\t\t<\/div>\n\t\t\t\t<\/div>\n\t\t\t\t<div class=\"elementor-element elementor-element-a08089f elementor-widget elementor-widget-html\" data-id=\"a08089f\" data-element_type=\"widget\" data-widget_type=\"html.default\">\n\t\t\t\t<div class=\"elementor-widget-container\">\n\t\t\t<section class=\"expo-figures\">\r\n  <div class=\"expo-figures__inner\">\r\n\r\n    <div class=\"expo-figures__intro\">\r\n      <p class=\"expo-figures__eyebrow\"><\/p>\r\n      <h2 class=\"expo-figures__title\">Une exposition qui rassemble, inspire et connecte<\/h2>\r\n    <\/div>\r\n\r\n    <div class=\"expo-figures__grid\">\r\n\r\n      <article class=\"expo-figures__card expo-figures__card--large\">\r\n        <span class=\"expo-figures__number\">100+<\/span>\r\n        <p class=\"expo-figures__label\">exposants<\/p>\r\n        <p class=\"expo-figures__text\">\r\n          Des marques, fabricants et partenaires qui fa\u00e7onnent l\u2019industrie.\r\n        <\/p>\r\n      <\/article>\r\n\r\n      <article class=\"expo-figures__card\">\r\n        <span class=\"expo-figures__number\">Plus de 3 500<\/span>\r\n        <p class=\"expo-figures__label\">visiteurs<\/p>\r\n        <p class=\"expo-figures__text\">\r\n          Une audience compos\u00e9e de professionnels du design, de l\u2019architecture et de la fabrication.\r\n        <\/p>\r\n      <\/article>\r\n\r\n      <article class=\"expo-figures__card\">\r\n        <span class=\"expo-figures__number\">2<\/span>\r\n        <p class=\"expo-figures__label\">jours<\/p>\r\n        <p class=\"expo-figures__text\">\r\n          Deux journ\u00e9es d\u2019\u00e9changes, de d\u00e9couvertes et d\u2019occasions d\u2019affaires.\r\n        <\/p>\r\n      <\/article>\r\n\r\n      <article class=\"expo-figures__card expo-figures__card--accent\">\r\n        <span class=\"expo-figures__number\">11e<\/span>\r\n        <p class=\"expo-figures__label\">\u00e9dition<\/p>\r\n        <p class=\"expo-figures__text\">\r\n          Une \u00e9dition charni\u00e8re pour affirmer le positionnement design de l\u2019\u00e9v\u00e9nement.\r\n        <\/p>\r\n      <\/article>\r\n\r\n    <\/div>\r\n\r\n  <\/div>\r\n<\/section>\t\t<\/div>\n\t\t\t\t<\/div>\n\t\t\t\t<div class=\"elementor-element elementor-element-a0c4579 elementor-widget elementor-widget-html\" data-id=\"a0c4579\" data-element_type=\"widget\" data-widget_type=\"html.default\">\n\t\t\t\t<div class=\"elementor-widget-container\">\n\t\t\t<section class=\"expo-reasons\">\r\n  <div class=\"expo-reasons__inner\">\r\n\r\n    <div class=\"expo-reasons__intro\">\r\n      <p class=\"expo-reasons__eyebrow\"><\/p>\r\n      <h2 class=\"expo-reasons__title\">\r\n        Pourquoi visiter \r\n        \r\n      <\/h2>\r\n      <h2 class=\"expo-reasons__title\">\r\n         \r\n        Expo Design\r\n      <\/h2>\r\n      <p class=\"expo-reasons__text\">\r\n        L\u00e0 o\u00f9 les id\u00e9es, les mati\u00e8res et les affaires se rencontrent.\r\n      <\/p>\r\n    <\/div>\r\n\r\n    <div class=\"expo-reasons__list\">\r\n\r\n      <article class=\"expo-reasons__item\">\r\n        <span class=\"expo-reasons__index\">01<\/span>\r\n        <div class=\"expo-reasons__content\">\r\n          <h3>D\u00e9couvrir<\/h3>\r\n          <p>Mat\u00e9riaux, innovations, surfaces et nouveaut\u00e9s pr\u00e9sent\u00e9s en primeur.<\/p>\r\n        <\/div>\r\n      <\/article>\r\n\r\n      <article class=\"expo-reasons__item\">\r\n        <span class=\"expo-reasons__index\">02<\/span>\r\n        <div class=\"expo-reasons__content\">\r\n          <h3>Rencontrer<\/h3>\r\n          <p>La communaut\u00e9 du design r\u00e9unie dans un m\u00eame lieu<\/p>\r\n        <\/div>\r\n      <\/article>\r\n\r\n      <article class=\"expo-reasons__item\">\r\n        <span class=\"expo-reasons__index\">03<\/span>\r\n        <div class=\"expo-reasons__content\">\r\n          <h3>Inspirer<\/h3>\r\n          <p>Des \u00e9changes concrets pour stimuler les projets et cr\u00e9er des opportunit\u00e9s<\/p>\r\n        <\/div>\r\n      <\/article>\r\n\r\n    <\/div>\r\n\r\n  <\/div>\r\n<\/section>\t\t<\/div>\n\t\t\t\t<\/div>\n\t\t\t\t<div class=\"elementor-element elementor-element-87eb752 elementor-widget elementor-widget-html\" data-id=\"87eb752\" data-element_type=\"widget\" data-widget_type=\"html.default\">\n\t\t\t\t<div class=\"elementor-widget-container\">\n\t\t\t<section class=\"expo-gallery-section\">\r\n  <div class=\"expo-section-heading\">\r\n    <p class=\"expo-eyebrow\"><\/p>\r\n    <h2>Une ambiance pens\u00e9e pour inspirer les professionnels du design<\/h2>\r\n  <\/div>\r\n\r\n  <div class=\"expo-gallery-wrapper\">\r\n    <button class=\"expo-gallery-btn expo-gallery-btn--prev\" type=\"button\" aria-label=\"Voir les photos pr\u00e9c\u00e9dentes\">\r\n      &#8249;\r\n    <\/button>\r\n\r\n    <div class=\"expo-gallery\" id=\"expoGallery\">\r\n      <div class=\"expo-gallery-item\">\r\n        <img decoding=\"async\" src=\"https:\/\/expodesign.ca\/wp-content\/uploads\/2026\/01\/R5MK6602-scaled.jpg\" alt=\"Expo Design ambiance 1\">\r\n      <\/div>\r\n      <div class=\"expo-gallery-item\">\r\n        <img decoding=\"async\" src=\"https:\/\/expodesign.ca\/wp-content\/uploads\/2026\/01\/R5MK5790-scaled.jpg\" alt=\"Expo Design ambiance 2\">\r\n      <\/div>\r\n      <div class=\"expo-gallery-item\">\r\n        <img decoding=\"async\" src=\"https:\/\/expodesign.ca\/wp-content\/uploads\/2026\/01\/R5MK6584-scaled.jpg\" alt=\"Expo Design ambiance 3\">\r\n      <\/div>\r\n      <div class=\"expo-gallery-item\">\r\n        <img decoding=\"async\" src=\"https:\/\/expodesign.ca\/wp-content\/uploads\/2026\/01\/R5MK6607-scaled.jpg\" alt=\"Expo Design ambiance 4\">\r\n      <\/div>\r\n      <div class=\"expo-gallery-item\">\r\n        <img decoding=\"async\" src=\"https:\/\/expodesign.ca\/wp-content\/uploads\/2026\/01\/R5MK6578-scaled.jpg\" alt=\"Expo Design ambiance 5\">\r\n      <\/div>\r\n      <div class=\"expo-gallery-item\">\r\n        <img decoding=\"async\" src=\"https:\/\/expodesign.ca\/wp-content\/uploads\/2026\/01\/R5MK5812-scaled.jpg\" alt=\"Expo Design ambiance 6\">\r\n      <\/div>\r\n    <\/div>\r\n\r\n    <button class=\"expo-gallery-btn expo-gallery-btn--next\" type=\"button\" aria-label=\"Voir les photos suivantes\">\r\n      &#8250;\r\n    <\/button>\r\n  <\/div>\r\n\r\n  <script>\r\n    document.addEventListener('DOMContentLoaded', function () {\r\n      const gallery = document.getElementById('expoGallery');\r\n      const prevBtn = document.querySelector('.expo-gallery-btn--prev');\r\n      const nextBtn = document.querySelector('.expo-gallery-btn--next');\r\n\r\n      if (!gallery || !prevBtn || !nextBtn) return;\r\n\r\n      function getScrollAmount() {\r\n        const item = gallery.querySelector('.expo-gallery-item');\r\n        if (!item) return 300;\r\n\r\n        const gap = 16;\r\n        return item.offsetWidth + gap;\r\n      }\r\n\r\n      prevBtn.addEventListener('click', function () {\r\n        gallery.scrollBy({\r\n          left: -getScrollAmount(),\r\n          behavior: 'smooth'\r\n        });\r\n      });\r\n\r\n      nextBtn.addEventListener('click', function () {\r\n        gallery.scrollBy({\r\n          left: getScrollAmount(),\r\n          behavior: 'smooth'\r\n        });\r\n      });\r\n    });\r\n  <\/script>\r\n<\/section>\t\t<\/div>\n\t\t\t\t<\/div>\n\t\t\t\t<div class=\"elementor-element elementor-element-2322d29 elementor-widget elementor-widget-html\" data-id=\"2322d29\" data-element_type=\"widget\" data-widget_type=\"html.default\">\n\t\t\t\t<div class=\"elementor-widget-container\">\n\t\t\t<section class=\"expo-screening\">\r\n  <div class=\"expo-screening__inner\">\r\n\r\n    <div class=\"expo-screening__aside\">\r\n      <p class=\"expo-screening__eyebrow\"><\/p>\r\n      <h2 class=\"expo-screening__title\">\r\n        Une projection de l\u2019exp\u00e9rience Expo Design\r\n      <\/h2>\r\n      <p class=\"expo-screening__text\">\r\n        Revivez l\u2019intensit\u00e9, les rencontres et l\u2019\u00e9nergie de l\u2019\u00e9dition 2025 avec un regard immersif \u00e0 travers l'\u00e9v\u00e8nement. \r\n      <\/p>\r\n    <\/div>\r\n\r\n    <div class=\"expo-screening__stage\">\r\n      <div class=\"expo-screening__frame\">\r\n        <iframe\r\n          src=\"https:\/\/player.vimeo.com\/video\/1152616177?h=76dd19d682&badge=0&autopause=0\"\r\n          allow=\"autoplay; fullscreen; picture-in-picture\"\r\n          allowfullscreen\r\n          title=\"Expo Design 2025\">\r\n        <\/iframe>\r\n      <\/div>\r\n    <\/div>\r\n\r\n  <\/div>\r\n<\/section>\t\t<\/div>\n\t\t\t\t<\/div>\n\t\t\t\t<div class=\"elementor-element elementor-element-a19b237 elementor-widget elementor-widget-html\" data-id=\"a19b237\" data-element_type=\"widget\" data-widget_type=\"html.default\">\n\t\t\t\t<div class=\"elementor-widget-container\">\n\t\t\t<section class=\"expo-sponsors-ribbons\">\r\n  <div class=\"expo-sponsors-ribbons__inner\">\r\n\r\n    <div class=\"expo-sponsors-ribbons__header\">\r\n      <p class=\"expo-sponsors-ribbons__eyebrow\"><\/p>\r\n      <h2 class=\"expo-sponsors-ribbons__title\">\r\n        Ceux qui font rayonner l\u2019exp\u00e9rience Expo Design\r\n      <\/h2>\r\n      <p class=\"expo-sponsors-ribbons__text\">\r\n        Une s\u00e9lection de marques engag\u00e9es, qui soutiennent l'\u00e9v\u00e8nement et participent \u00e0 en faire une r\u00e9f\u00e9rence pour l'industrie. \r\n      <\/p>\r\n    <\/div>\r\n\r\n    <!-- PLATINE -->\r\n    <div class=\"expo-sponsor-ribbon expo-sponsor-ribbon--platine\">\r\n      <div class=\"expo-sponsor-ribbon__top\">\r\n        <p class=\"expo-sponsor-ribbon__label\">Platine<\/p>\r\n      <\/div>\r\n\r\n      <div class=\"expo-sponsor-ribbon__track\">\r\n        <!--div class=\"expo-sponsor-ribbon__item expo-sponsor-ribbon__item--1\">\r\n          <img decoding=\"async\" src=\"https:\/\/expodesign.ca\/wp-content\/uploads\/2025\/07\/TAFISA_RGB-1-1.jpg\" alt=\"TAFISA\">\r\n        <\/div-->\r\n        <div class=\"expo-sponsor-ribbon__item expo-sponsor-ribbon__item--2\">\r\n          <img decoding=\"async\" src=\"https:\/\/expodesign.ca\/wp-content\/uploads\/2025\/07\/SublimeCollection_CobrandingAGT_Horizontal_K-scaled-1-1.jpg\" alt=\"Sublime Collection AGT\">\r\n        <\/div>\r\n        <div class=\"expo-sponsor-ribbon__item expo-sponsor-ribbon__item--3\">\r\n          <img decoding=\"async\" src=\"https:\/\/expodesign.ca\/wp-content\/uploads\/2025\/07\/formica1-1.png\" alt=\"Formica\">\r\n        <\/div>\r\n      <\/div>\r\n    <\/div>\r\n\r\n    <!-- DIAMANT -->\r\n    <div class=\"expo-sponsor-ribbon expo-sponsor-ribbon--diamant\">\r\n      <div class=\"expo-sponsor-ribbon__top\">\r\n        <p class=\"expo-sponsor-ribbon__label\">Diamant<\/p>\r\n      <\/div>\r\n\r\n      <div class=\"expo-sponsor-ribbon__track\">\r\n        <div class=\"expo-sponsor-ribbon__item expo-sponsor-ribbon__item--1\">\r\n          <img decoding=\"async\" src=\"https:\/\/expodesign.ca\/wp-content\/uploads\/2025\/07\/TAFISA_RGB-1-1.jpg\" alt=\"TAFISA\">\r\n        <\/div>\r\n        <!--div class=\"expo-sponsor-ribbon__item expo-sponsor-ribbon__item--2\">\r\n          <img decoding=\"async\" src=\"https:\/\/expodesign.ca\/wp-content\/uploads\/2025\/07\/SublimeCollection_CobrandingAGT_Horizontal_K-scaled-1-1.jpg\" alt=\"Sublime Collection AGT\">\r\n        <\/div-->\r\n        <!--div class=\"expo-sponsor-ribbon__item expo-sponsor-ribbon__item--3\">\r\n          <img decoding=\"async\" src=\"https:\/\/expodesign.ca\/wp-content\/uploads\/2025\/07\/formica1-1.png\" alt=\"Formica\">\r\n        <\/div-->\r\n      <\/div>\r\n    <\/div>\r\n\r\n    <!-- OR -->\r\n    <div class=\"expo-sponsor-ribbon expo-sponsor-ribbon--or\">\r\n      <div class=\"expo-sponsor-ribbon__top\">\r\n        <p class=\"expo-sponsor-ribbon__label\">Or<\/p>\r\n      <\/div>\r\n\r\n      <div class=\"expo-sponsor-ribbon__track\">\r\n        <div class=\"expo-sponsor-ribbon__item expo-sponsor-ribbon__item--1\">\r\n          <img decoding=\"async\" src=\"https:\/\/expodesign.ca\/wp-content\/uploads\/2026\/04\/Commonwealth-Plywood-Distribution_340x153.png\" alt=\"CPCL\">\r\n        <\/div>\r\n        <div class=\"expo-sponsor-ribbon__item expo-sponsor-ribbon__item--2\">\r\n          <img decoding=\"async\" src=\"https:\/\/expodesign.ca\/wp-content\/uploads\/2026\/04\/logo_prestolam.png\" alt=\"Prestolam\">\r\n        <\/div>\r\n        <!--div class=\"expo-sponsor-ribbon__item expo-sponsor-ribbon__item--3\">\r\n          <img decoding=\"async\" src=\"https:\/\/expodesign.ca\/wp-content\/uploads\/2025\/07\/formica1-1.png\" alt=\"Formica\">\r\n        <\/div-->\r\n      <\/div>\r\n    <\/div>\r\n\r\n    <!-- ARGENT -->\r\n    <div class=\"expo-sponsor-ribbon expo-sponsor-ribbon--argent\">\r\n      <div class=\"expo-sponsor-ribbon__top\">\r\n        <p class=\"expo-sponsor-ribbon__label\">Argent<\/p>\r\n      <\/div>\r\n\r\n      <div class=\"expo-sponsor-ribbon__track\">\r\n        <div class=\"expo-sponsor-ribbon__item expo-sponsor-ribbon__item--1\">\r\n          <img decoding=\"async\" src=\"https:\/\/expodesign.ca\/wp-content\/uploads\/2026\/04\/aon_logo_signature_red_rgb-scaled.png\" alt=\"Aon\">\r\n        <\/div>\r\n        <div class=\"expo-sponsor-ribbon__item expo-sponsor-ribbon__item--2\">\r\n          <img decoding=\"async\" src=\"https:\/\/expodesign.ca\/wp-content\/uploads\/2026\/04\/EGGER_LogoCMYK.jpg\" alt=\"Egger\">\r\n        <\/div>\r\n        <div class=\"expo-sponsor-ribbon__item expo-sponsor-ribbon__item--3\">\r\n          <img decoding=\"async\" src=\"https:\/\/expodesign.ca\/wp-content\/uploads\/2026\/04\/Logo-Teknaform-scaled.png\" alt=\"Teknaform\">\r\n        <\/div>\r\n      <\/div>\r\n    <\/div>\r\n\r\n    <!-- BRONZE -->\r\n    <div class=\"expo-sponsor-ribbon expo-sponsor-ribbon--bronze\">\r\n      <div class=\"expo-sponsor-ribbon__top\">\r\n        <p class=\"expo-sponsor-ribbon__label\">Bronze<\/p>\r\n      <\/div>\r\n\r\n      <div class=\"expo-sponsor-ribbon__track\">\r\n        <div class=\"expo-sponsor-ribbon__item expo-sponsor-ribbon__item--1\">\r\n          <img decoding=\"async\" src=\"https:\/\/expodesign.ca\/wp-content\/uploads\/2026\/04\/Lightbeans-logo-original-vert-fond-blanc@4x.png\" alt=\"Lightbeans\">\r\n        <\/div>\r\n        <div class=\"expo-sponsor-ribbon__item expo-sponsor-ribbon__item--2\">\r\n          <img decoding=\"async\" src=\"https:\/\/expodesign.ca\/wp-content\/uploads\/2026\/04\/Logo-Panoply-scaled.png\" alt=\"Panoply\">\r\n        <\/div>\r\n        <div class=\"expo-sponsor-ribbon__item expo-sponsor-ribbon__item--3\">\r\n          <img decoding=\"async\" src=\"https:\/\/expodesign.ca\/wp-content\/uploads\/2026\/04\/RB-logo.png\" alt=\"Robert bury\">\r\n        <\/div>\r\n          <div class=\"expo-sponsor-ribbon__item expo-sponsor-ribbon__item--3\">\r\n          <img decoding=\"async\" src=\"https:\/\/expodesign.ca\/wp-content\/uploads\/2026\/04\/Logo-Creations-Thermodoor_Fond-TR.png\" alt=\"Thermodoor\">\r\n        <\/div>\r\n      <\/div>\r\n    <\/div>\r\n\r\n  <\/div>\r\n<\/section>\t\t<\/div>\n\t\t\t\t<\/div>\n\t\t\t\t<div class=\"elementor-element elementor-element-48b2f00 elementor-widget elementor-widget-html\" data-id=\"48b2f00\" data-element_type=\"widget\" data-widget_type=\"html.default\">\n\t\t\t\t<div class=\"elementor-widget-container\">\n\t\t\t<section class=\"expo-countdown-full\">\r\n  <div class=\"expo-countdown-full__overlay\"><\/div>\r\n\r\n  <div class=\"expo-countdown-full__content\">\r\n    <h2 class=\"expo-countdown-full__title\">\r\n      Le compte \u00e0<br>rebours est lanc\u00e9\r\n    <\/h2>\r\n\r\n    <p class=\"expo-countdown-full__subtitle\">\r\n      Rendez-vous les 7 et 8 octobre 2026\r\n    <\/p>\r\n\r\n    <div class=\"expo-countdown-full__grid\" id=\"expo-countdown-full\">\r\n      <div class=\"expo-countdown-full__item\">\r\n        <span class=\"expo-countdown-full__value\" id=\"expo-full-days\">00<\/span>\r\n        <span class=\"expo-countdown-full__label\">Jours<\/span>\r\n      <\/div>\r\n      <div class=\"expo-countdown-full__item\">\r\n        <span class=\"expo-countdown-full__value\" id=\"expo-full-hours\">00<\/span>\r\n        <span class=\"expo-countdown-full__label\">Heures<\/span>\r\n      <\/div>\r\n      <div class=\"expo-countdown-full__item\">\r\n        <span class=\"expo-countdown-full__value\" id=\"expo-full-minutes\">00<\/span>\r\n        <span class=\"expo-countdown-full__label\">Minutes<\/span>\r\n      <\/div>\r\n      <div class=\"expo-countdown-full__item\">\r\n        <span class=\"expo-countdown-full__value\" id=\"expo-full-seconds\">00<\/span>\r\n        <span class=\"expo-countdown-full__label\">Secondes<\/span>\r\n      <\/div>\r\n    <\/div>\r\n\r\n    <div class=\"expo-countdown-full__actions\">\r\n      <a href=\"https:\/\/dashboard.pairconnex.app\/\/inscription\/form?id=76791dea-02a0-456a-a7a2-c290176b604c\" class=\"expo-countdown-full__btn\">S\u2019inscrire<\/a>\r\n      <a href=\"\/exposer\" class=\"expo-countdown-full__btn\">R\u00e9server un espace<\/a>\r\n    <\/div>\r\n  <\/div>\r\n\r\n  <script>\r\n    (function () {\r\n      const targetDate = new Date(\"2026-10-07T09:00:00-04:00\").getTime();\r\n\r\n      function updateFullCountdown() {\r\n        const daysEl = document.getElementById(\"expo-full-days\");\r\n        const hoursEl = document.getElementById(\"expo-full-hours\");\r\n        const minutesEl = document.getElementById(\"expo-full-minutes\");\r\n        const secondsEl = document.getElementById(\"expo-full-seconds\");\r\n\r\n        if (!daysEl || !hoursEl || !minutesEl || !secondsEl) return;\r\n\r\n        const now = new Date().getTime();\r\n        const diff = targetDate - now;\r\n\r\n        if (diff <= 0) {\r\n          daysEl.textContent = \"00\";\r\n          hoursEl.textContent = \"00\";\r\n          minutesEl.textContent = \"00\";\r\n          secondsEl.textContent = \"00\";\r\n          return;\r\n        }\r\n\r\n        const days = Math.floor(diff \/ (1000 * 60 * 60 * 24));\r\n        const hours = Math.floor((diff \/ (1000 * 60 * 60)) % 24);\r\n        const minutes = Math.floor((diff \/ (1000 * 60)) % 60);\r\n        const seconds = Math.floor((diff \/ 1000) % 60);\r\n\r\n        daysEl.textContent = String(days).padStart(2, \"0\");\r\n        hoursEl.textContent = String(hours).padStart(2, \"0\");\r\n        minutesEl.textContent = String(minutes).padStart(2, \"0\");\r\n        secondsEl.textContent = String(seconds).padStart(2, \"0\");\r\n      }\r\n\r\n      updateFullCountdown();\r\n      setInterval(updateFullCountdown, 1000);\r\n    })();\r\n  <\/script>\r\n<\/section>\t\t<\/div>\n\t\t\t\t<\/div>\n\t\t\t\t<div class=\"elementor-element elementor-element-d262a35 elementor-widget elementor-widget-html\" data-id=\"d262a35\" data-element_type=\"widget\" data-widget_type=\"html.default\">\n\t\t\t\t<div class=\"elementor-widget-container\">\n\t\t\t<a href=\"https:\/\/dashboard.pairconnex.app\/\/inscription\/form?id=76791dea-02a0-456a-a7a2-c290176b604c\" class=\"expo-floating-btn\" id=\"expoFloatingBtn\">\r\n R\u00e9server votre place\r\n<\/a>\t\t<\/div>\n\t\t\t\t<\/div>\n\t\t\t\t\t<\/div>\n\t\t<\/div>\n\t\t\t\t\t<\/div>\n\t\t<\/section>\n\t\t\t\t<\/div>\n\t\t","protected":false},"excerpt":{"rendered":"<p>Le rendez-vous du design au Qu\u00e9bec Deux jours pour d\u00e9couvrir les marques, mat\u00e9riaux et innovations qui fa\u00e7onnent l\u2019environnement du design. S\u2019inscrire Exposer Un \u00e9v\u00e9nement pens\u00e9 pour inspirer, connecter et faire d\u00e9couvrir Une atmosph\u00e8re o\u00f9 r\u00e8gnent le design, l&rsquo;innovation et les rencontres d&rsquo;affaires. Des mati\u00e8res, des textures et des nouveaut\u00e9s \u00e0 d\u00e9couvrir sur le plancher. Des [&hellip;]<\/p>\n","protected":false},"author":1,"featured_media":0,"parent":0,"menu_order":0,"comment_status":"closed","ping_status":"closed","template":"elementor_header_footer","meta":{"footnotes":""},"class_list":["post-2507","page","type-page","status-publish","hentry"],"_links":{"self":[{"href":"https:\/\/expodesign.ca\/fr\/wp-json\/wp\/v2\/pages\/2507","targetHints":{"allow":["GET"]}}],"collection":[{"href":"https:\/\/expodesign.ca\/fr\/wp-json\/wp\/v2\/pages"}],"about":[{"href":"https:\/\/expodesign.ca\/fr\/wp-json\/wp\/v2\/types\/page"}],"author":[{"embeddable":true,"href":"https:\/\/expodesign.ca\/fr\/wp-json\/wp\/v2\/users\/1"}],"replies":[{"embeddable":true,"href":"https:\/\/expodesign.ca\/fr\/wp-json\/wp\/v2\/comments?post=2507"}],"version-history":[{"count":398,"href":"https:\/\/expodesign.ca\/fr\/wp-json\/wp\/v2\/pages\/2507\/revisions"}],"predecessor-version":[{"id":7797,"href":"https:\/\/expodesign.ca\/fr\/wp-json\/wp\/v2\/pages\/2507\/revisions\/7797"}],"wp:attachment":[{"href":"https:\/\/expodesign.ca\/fr\/wp-json\/wp\/v2\/media?parent=2507"}],"curies":[{"name":"wp","href":"https:\/\/api.w.org\/{rel}","templated":true}]}}