{"id":2528,"date":"2024-02-01T10:21:48","date_gmt":"2024-02-01T10:21:48","guid":{"rendered":"https:\/\/yourcloudnetwork.net\/projects\/expo_bois\/parrainages\/"},"modified":"2026-03-30T09:55:57","modified_gmt":"2026-03-30T09:55:57","slug":"commandites","status":"publish","type":"page","link":"https:\/\/expodesign.ca\/fr\/commandites\/","title":{"rendered":"commandites"},"content":{"rendered":"\t\t<div data-elementor-type=\"wp-page\" data-elementor-id=\"2528\" class=\"elementor elementor-2528 elementor-1104\" data-elementor-post-type=\"page\">\n\t\t\t\t\t\t<section class=\"elementor-section elementor-top-section elementor-element elementor-element-6dd1a4a elementor-section-full_width elementor-section-height-default elementor-section-height-default\" data-id=\"6dd1a4a\" data-element_type=\"section\" data-settings=\"{&quot;background_background&quot;:&quot;classic&quot;}\">\n\t\t\t\t\t\t\t<div class=\"elementor-background-overlay\"><\/div>\n\t\t\t\t\t\t\t<div class=\"elementor-container elementor-column-gap-no\">\n\t\t\t\t\t<div class=\"elementor-column elementor-col-100 elementor-top-column elementor-element elementor-element-0f7ff3e\" data-id=\"0f7ff3e\" data-element_type=\"column\">\n\t\t\t<div class=\"elementor-widget-wrap elementor-element-populated\">\n\t\t\t\t\t\t<div class=\"elementor-element elementor-element-55d5424 elementor-widget elementor-widget-html\" data-id=\"55d5424\" data-element_type=\"widget\" data-widget_type=\"html.default\">\n\t\t\t\t<div class=\"elementor-widget-container\">\n\t\t\t<section class=\"expo-spon-hero\">\r\n  <div class=\"expo-spon-hero__wrap\">\r\n    <div class=\"expo-spon-hero__content\">\r\n      <span class=\"expo-spon-hero__kicker\">Expo Design<\/span>\r\n      <h1>Commandites<\/h1>\r\n      <p>\r\n        D\u00e9couvrez les forfaits de commandite, les commandites \u00e0 la carte et les\r\n        opportunit\u00e9s de commandite sur mesure offertes par Expo Design.\r\n      <\/p>\r\n\r\n      <div class=\"expo-spon-hero__actions\">\r\n        <a href=\"#forfaits-commandites\" class=\"expo-spon-hero__btn\">Voir les forfaits<\/a>\r\n        <a href=\"#commandites-carte\" class=\"expo-spon-hero__btn expo-spon-hero__btn--outline\">Voir les options \u00e0 la carte<\/a>\r\n      <\/div>\r\n    <\/div>\r\n\r\n    <div class=\"expo-spon-hero__visual\">\r\n      <div class=\"expo-spon-hero__overlay\">\r\n        <p>\r\n          Forfaits de commandite, opportunit\u00e9s de pr\u00e9sentation, conf\u00e9rences,\r\n          alimentation et boissons, cocktail VIP et plus encore.\r\n        <\/p>\r\n      <\/div>\r\n    <\/div>\r\n  <\/div>\r\n<\/section>\t\t<\/div>\n\t\t\t\t<\/div>\n\t\t\t\t<div class=\"elementor-element elementor-element-27ee4a1 elementor-widget elementor-widget-html\" data-id=\"27ee4a1\" data-element_type=\"widget\" data-widget_type=\"html.default\">\n\t\t\t\t<div class=\"elementor-widget-container\">\n\t\t\t<section class=\"expo-spon-intro\">\r\n  <div class=\"expo-spon-intro__wrap\">\r\n    <div class=\"expo-spon-intro__head\">\r\n      <span class=\"expo-spon-intro__kicker\">Opportunit\u00e9s<\/span>\r\n      <h2>Des forfaits et des commandites \u00e0 la carte<\/h2>\r\n      <p>\r\n        Expo Design propose des forfaits de commandite ainsi que plusieurs\r\n        opportunit\u00e9s \u00e0 la carte : identit\u00e9 de marque, pr\u00e9sentations,\r\n        conf\u00e9rences, alimentation et boissons, cocktail d\u00eenatoire VIP de r\u00e9seautage\r\n        et opportunit\u00e9s de prix.\r\n      <\/p>\r\n    <\/div>\r\n\r\n    <div class=\"expo-spon-intro__grid\">\r\n      <div class=\"expo-spon-intro__card\">\r\n        <h3>Forfaits<\/h3>\r\n        <p>Bronze, Argent, Or, Diamant et Platine.<\/p>\r\n      <\/div>\r\n\r\n      <div class=\"expo-spon-intro__card\">\r\n        <h3>\u00c0 la carte<\/h3>\r\n        <p>Des possibilit\u00e9s regroup\u00e9es par type de visibilit\u00e9 et d\u2019activation.<\/p>\r\n      <\/div>\r\n\r\n      <div class=\"expo-spon-intro__card\">\r\n        <h3>Sur mesure<\/h3>\r\n        <p>Une opportunit\u00e9 de commandite sur mesure peut aussi \u00eatre discut\u00e9e avec l\u2019\u00e9quipe.<\/p>\r\n      <\/div>\r\n    <\/div>\r\n  <\/div>\r\n<\/section>\t\t<\/div>\n\t\t\t\t<\/div>\n\t\t\t\t<div class=\"elementor-element elementor-element-83e5fc4 elementor-widget elementor-widget-html\" data-id=\"83e5fc4\" data-element_type=\"widget\" data-widget_type=\"html.default\">\n\t\t\t\t<div class=\"elementor-widget-container\">\n\t\t\t<section class=\"expo-spon-packages\" id=\"forfaits-commandites\">\r\n  <div class=\"expo-spon-packages__wrap\">\r\n    <div class=\"expo-spon-packages__head\">\r\n      <span class=\"expo-spon-packages__kicker\">Forfaits de commandite<\/span>\r\n      <h2>Comparez les niveaux de visibilit\u00e9<\/h2>\r\n      <p>\r\n        Les forfaits de commandite sont pr\u00e9sent\u00e9s selon cinq niveaux :\r\n        Bronze, Argent, Or, Diamant et Platine.\r\n      <\/p>\r\n    <\/div>\r\n\r\n    <div class=\"expo-spon-packages__grid\">\r\n      <div class=\"expo-spon-packages__card\">\r\n        <span class=\"expo-spon-packages__tier\">Bronze<\/span>\r\n        <ul>\r\n          <li>Logo de l\u2019entreprise sur le site Web de l\u2019Expo Design<\/li>\r\n          <li>Logo affich\u00e9 sur les moniteurs dans le hall principal<\/li>\r\n          <li>Int\u00e9gration du logo sur l\u2019invitation \u00e9lectronique<\/li>\r\n          <li>Visibilit\u00e9 sur les r\u00e9seaux d\u2019Expo Design avant, pendant et apr\u00e8s l\u2019\u00e9v\u00e8nement<\/li>\r\n        <\/ul>\r\n      <\/div>\r\n\r\n      <div class=\"expo-spon-packages__card\">\r\n        <span class=\"expo-spon-packages__tier\">Argent<\/span>\r\n        <ul>\r\n          <li>L\u2019ensemble des avantages Bronze<\/li>\r\n          <li>Billets additionnels pour le cocktail d\u00eenatoire VIP de r\u00e9seautage<\/li>\r\n        <\/ul>\r\n      <\/div>\r\n\r\n      <div class=\"expo-spon-packages__card expo-spon-packages__card--featured\">\r\n        <span class=\"expo-spon-packages__tier\">Or<\/span>\r\n        <ul>\r\n          <li>L\u2019ensemble des avantages Argent<\/li>\r\n          <li>Logo affich\u00e9 sur l\u2019invitation \u00e9lectronique et dans les m\u00e9dias sociaux<\/li>\r\n        <\/ul>\r\n      <\/div>\r\n\r\n      <div class=\"expo-spon-packages__card\">\r\n        <span class=\"expo-spon-packages__tier\">Diamant<\/span>\r\n        <ul>\r\n          <li>L\u2019ensemble des avantages Or<\/li>\r\n          <li>Annonce officielle du commanditaire durant l\u2019Expo Design<\/li>\r\n          <li>Diffusion de vid\u00e9o(s) promotionnelle(s) sur les moniteurs du hall alimentaire<\/li>\r\n          <li>Inclusion de mat\u00e9riel de marketing imprim\u00e9 dans les sacs remis aux participants<\/li>\r\n          <li>Logo de l\u2019entreprise sur le sac remis aux participants<\/li>\r\n        <\/ul>\r\n      <\/div>\r\n\r\n      <div class=\"expo-spon-packages__card expo-spon-packages__card--dark\">\r\n        <span class=\"expo-spon-packages__tier\">Platine<\/span>\r\n        <ul>\r\n          <li>L\u2019ensemble des avantages Diamant<\/li>\r\n          <li>Enregistrement d\u2019une vid\u00e9o promotionnelle \u00e0 votre kiosque avec Paule Bourbonnais (co\u00fbt suppl\u00e9mentaire)<\/li>\r\n        <\/ul>\r\n      <\/div>\r\n    <\/div>\r\n  <\/div>\r\n<\/section>\t\t<\/div>\n\t\t\t\t<\/div>\n\t\t\t\t<div class=\"elementor-element elementor-element-68da98d elementor-widget elementor-widget-html\" data-id=\"68da98d\" data-element_type=\"widget\" data-widget_type=\"html.default\">\n\t\t\t\t<div class=\"elementor-widget-container\">\n\t\t\t<section class=\"expo-spon-a-la-carte\" id=\"commandites-carte\">\r\n  <div class=\"expo-spon-a-la-carte__wrap\">\r\n    <div class=\"expo-spon-a-la-carte__head\">\r\n      <span class=\"expo-spon-a-la-carte__kicker\">Commandites \u00e0 la carte<\/span>\r\n      <h2>Des opportunit\u00e9s regroup\u00e9es par cat\u00e9gorie<\/h2>\r\n      <p>\r\n        Voici les commandites \u00e0 la carte d\u00e9j\u00e0 pr\u00e9sent\u00e9es sur la page,\r\n        simplement r\u00e9organis\u00e9es pour \u00eatre plus lisibles.\r\n      <\/p>\r\n    <\/div>\r\n\r\n    <div class=\"expo-spon-a-la-carte__grid\">\r\n      <div class=\"expo-spon-a-la-carte__card\">\r\n        <h3>Identit\u00e9 de marque<\/h3>\r\n        <ul>\r\n          <li>Commandite du sac des visiteurs avec documentations ou items promotionnels \u00e0 ins\u00e9rer<\/li>\r\n          <li>Documentations ou items promotionnels \u00e0 ins\u00e9rer dans les sacs des visiteurs<\/li>\r\n          <li>Commandite des cordelettes quotidiennes<\/li>\r\n          <li>Commandite du guide visiteurs de l\u2019Expo Design<\/li>\r\n          <li>Commandite du salon VIP sur le plancher des exposants<\/li>\r\n          <li>Commandite du WI-FI<\/li>\r\n          <li>Commandite de la photographie et de la vid\u00e9ographie de l\u2019\u00e9v\u00e8nement<\/li>\r\n        <\/ul>\r\n      <\/div>\r\n\r\n      <div class=\"expo-spon-a-la-carte__card\">\r\n        <h3>Pr\u00e9sentations<\/h3>\r\n        <ul>\r\n          <li>R\u00e9servez vos d\u00e9monstrations de produits, vos formations ou votre \u00e9v\u00e9nement de r\u00e9seautage dans l\u2019un des deux aquariums d\u00e9di\u00e9s<\/li>\r\n          <li>Blocs de temps limit\u00e9s \u2014 r\u00e9servez t\u00f4t<\/li>\r\n          <li>Session de 30 minutes sur 2 jours<\/li>\r\n          <li>Pr\u00e9sentations dans le bus pendant le trajet aller-retour jusqu\u2019au salon<\/li>\r\n        <\/ul>\r\n      <\/div>\r\n\r\n      <div class=\"expo-spon-a-la-carte__card\">\r\n        <h3>Conf\u00e9rences<\/h3>\r\n        <ul>\r\n          <li>Commandites des conf\u00e9rences<\/li>\r\n          <li>Commanditaire exclusif d\u2019une conf\u00e9rence anim\u00e9e par des cr\u00e9ateurs de tendances, des leaders de l\u2019industrie et des professionnels en demande<\/li>\r\n          <li>Commandites pour traduction en temps r\u00e9el des conf\u00e9rences (anglais \/ fran\u00e7ais)<\/li>\r\n        <\/ul>\r\n      <\/div>\r\n\r\n      <div class=\"expo-spon-a-la-carte__card\">\r\n        <h3>Alimentation et boissons<\/h3>\r\n        <ul>\r\n          <li>Commandite du d\u00e9jeuner<\/li>\r\n          <li>Commandite d\u2019une collation deluxe<\/li>\r\n          <li>Commandite d\u2019une collation<\/li>\r\n          <li>Commandite de la pause-caf\u00e9<\/li>\r\n          <li>Commandite du d\u00eener<\/li>\r\n        <\/ul>\r\n      <\/div>\r\n    <\/div>\r\n  <\/div>\r\n<\/section>\t\t<\/div>\n\t\t\t\t<\/div>\n\t\t\t\t<div class=\"elementor-element elementor-element-de4ff2c elementor-widget elementor-widget-html\" data-id=\"de4ff2c\" data-element_type=\"widget\" data-widget_type=\"html.default\">\n\t\t\t\t<div class=\"elementor-widget-container\">\n\t\t\t<section class=\"expo-spon-content\">\r\n  <div class=\"expo-spon-content__wrap\">\r\n    <div class=\"expo-spon-content__grid\">\r\n      <div class=\"expo-spon-content__main\">\r\n        <span class=\"expo-spon-content__kicker\">Opportunit\u00e9s de pr\u00e9sentation<\/span>\r\n        <h2>Pr\u00e9sentations, bus et conf\u00e9rences<\/h2>\r\n        <p>\r\n          R\u00e9servez vos d\u00e9monstrations de produits, vos formations ou votre\r\n          \u00e9v\u00e9nement de r\u00e9seautage dans l\u2019un des deux aquariums d\u00e9di\u00e9s de l\u2019Expo Design,\r\n          directement sur le site de l\u2019expo.\r\n        <\/p>\r\n\r\n        <ul>\r\n          <li>Blocs de temps limit\u00e9s \u2014 r\u00e9servez t\u00f4t<\/li>\r\n          <li>Session de 30 minutes sur 2 jours<\/li>\r\n          <li>Pr\u00e9sentations dans le bus pendant le trajet en autobus jusqu\u2019au salon et au retour<\/li>\r\n          <li>L\u2019autobus aller-retour comprend un repas sous forme de bo\u00eete \u00e0 lunch<\/li>\r\n          <li>Itin\u00e9raires cibl\u00e9s : Estrie, Qu\u00e9bec et r\u00e9gion, Ottawa, etc.<\/li>\r\n          <li>Commandites des conf\u00e9rences<\/li>\r\n          <li>Commanditaire exclusif d\u2019une conf\u00e9rence<\/li>\r\n          <li>Commandites pour traduction en temps r\u00e9el des conf\u00e9rences<\/li>\r\n        <\/ul>\r\n      <\/div>\r\n\r\n      <div class=\"expo-spon-content__side\">\r\n        <div class=\"expo-spon-content__card\">\r\n          <h3>Pr\u00e9sentations dans les aquariums<\/h3>\r\n          <p>\r\n            D\u00e9monstrations de produits, formations ou \u00e9v\u00e9nement de r\u00e9seautage.\r\n          <\/p>\r\n        <\/div>\r\n\r\n        <div class=\"expo-spon-content__card\">\r\n          <h3>Commandites des conf\u00e9rences<\/h3>\r\n          <p>\r\n            Soyez le commanditaire exclusif d\u2019une conf\u00e9rence anim\u00e9e par des cr\u00e9ateurs\r\n            de tendances, des leaders de l\u2019industrie et des professionnels en demande.\r\n          <\/p>\r\n        <\/div>\r\n      <\/div>\r\n    <\/div>\r\n  <\/div>\r\n<\/section>\t\t<\/div>\n\t\t\t\t<\/div>\n\t\t\t\t<div class=\"elementor-element elementor-element-4bbe35a elementor-widget elementor-widget-html\" data-id=\"4bbe35a\" data-element_type=\"widget\" data-widget_type=\"html.default\">\n\t\t\t\t<div class=\"elementor-widget-container\">\n\t\t\t<section class=\"expo-spon-experience\">\r\n  <div class=\"expo-spon-experience__wrap\">\r\n    <div class=\"expo-spon-experience__head\">\r\n      <span class=\"expo-spon-experience__kicker\">Exp\u00e9rience sur place<\/span>\r\n      <h2>Alimentation, cocktail VIP et opportunit\u00e9s de prix<\/h2>\r\n      <p>\r\n        Ces commandites sont d\u00e9j\u00e0 pr\u00e9sentes sur la page actuelle.\r\n        Je les ai simplement regroup\u00e9es dans un bloc plus clair.\r\n      <\/p>\r\n    <\/div>\r\n\r\n    <div class=\"expo-spon-experience__grid\">\r\n      <div class=\"expo-spon-experience__card\">\r\n        <h3>Alimentation et boissons<\/h3>\r\n        <ul>\r\n          <li>Commandite du d\u00e9jeuner<\/li>\r\n          <li>Commandite d\u2019une collation deluxe<\/li>\r\n          <li>Commandite d\u2019une collation<\/li>\r\n          <li>Commandite de la pause-caf\u00e9<\/li>\r\n          <li>Commandite du d\u00eener<\/li>\r\n        <\/ul>\r\n      <\/div>\r\n\r\n      <div class=\"expo-spon-experience__card\">\r\n        <h3>Cocktail d\u00eenatoire VIP de r\u00e9seautage<\/h3>\r\n        <ul>\r\n          <li>Commanditaire alimentaire<\/li>\r\n          <li>Commanditaire de la table \u00e0 poutine<\/li>\r\n          <li>Commanditaire des bars<\/li>\r\n          <li>Commanditaire du divertissement<\/li>\r\n          <li>Commanditaire de la musique<\/li>\r\n          <li>Commanditaire de l\u2019artiste peintre avec tirage<\/li>\r\n          <li>Commanditaire de photobooth<\/li>\r\n          <li>Commanditaire d\u2019un photobooth 360\u00b0<\/li>\r\n        <\/ul>\r\n      <\/div>\r\n\r\n      <div class=\"expo-spon-experience__card\">\r\n        <h3>Opportunit\u00e9s de prix<\/h3>\r\n        <ul>\r\n          <li>Commanditaire du prix de pr\u00e9sence quotidien<\/li>\r\n          <li>Commanditaire du grand prix de pr\u00e9sence<\/li>\r\n        <\/ul>\r\n      <\/div>\r\n    <\/div>\r\n  <\/div>\r\n<\/section>\t\t<\/div>\n\t\t\t\t<\/div>\n\t\t\t\t<div class=\"elementor-element elementor-element-6201959 elementor-widget elementor-widget-html\" data-id=\"6201959\" data-element_type=\"widget\" data-widget_type=\"html.default\">\n\t\t\t\t<div class=\"elementor-widget-container\">\n\t\t\t<section class=\"expo-spon-custom-alt\">\r\n  <div class=\"expo-spon-custom-alt__wrap\">\r\n    <div class=\"expo-spon-custom-alt__box\">\r\n      <div class=\"expo-spon-custom-alt__top\">\r\n        <span class=\"expo-spon-custom-alt__kicker\">Partenariat privil\u00e9gi\u00e9<\/span>\r\n        <div class=\"expo-spon-custom-alt__line\"><\/div>\r\n      <\/div>\r\n\r\n      <h2>\u00c0 la recherche d\u2019un partenariat privil\u00e9gi\u00e9 ?<\/h2>\r\n\r\n      <p>\r\n        Veuillez communiquer avec l\u2019\u00e9quipe de l\u2019Expo Design pour discuter\r\n        d\u2019une opportunit\u00e9 de commandite sur mesure.\r\n      <\/p>\r\n\r\n      <div class=\"expo-spon-custom-alt__actions\">\r\n        <a href=\"mailto:infodsr@designspecrep.com?subject=Demande%20-%20Commandite%20sur%20mesure\" class=\"expo-spon-custom-alt__btn\">\r\n          Communiquer avec l\u2019\u00e9quipe\r\n        <\/a>\r\n      <\/div>\r\n    <\/div>\r\n  <\/div>\r\n<\/section>\t\t<\/div>\n\t\t\t\t<\/div>\n\t\t\t\t\t<\/div>\n\t\t<\/div>\n\t\t\t\t\t<\/div>\n\t\t<\/section>\n\t\t\t\t<\/div>\n\t\t","protected":false},"excerpt":{"rendered":"<p>Expo Design Commandites D\u00e9couvrez les forfaits de commandite, les commandites \u00e0 la carte et les opportunit\u00e9s de commandite sur mesure offertes par Expo Design. Voir les forfaits Voir les options \u00e0 la carte Forfaits de commandite, opportunit\u00e9s de pr\u00e9sentation, conf\u00e9rences, alimentation et boissons, cocktail VIP et plus encore. Opportunit\u00e9s Des forfaits et des commandites \u00e0 [&hellip;]<\/p>\n","protected":false},"author":1,"featured_media":0,"parent":0,"menu_order":0,"comment_status":"closed","ping_status":"closed","template":"elementor_header_footer","meta":{"footnotes":""},"class_list":["post-2528","page","type-page","status-publish","hentry"],"_links":{"self":[{"href":"https:\/\/expodesign.ca\/fr\/wp-json\/wp\/v2\/pages\/2528","targetHints":{"allow":["GET"]}}],"collection":[{"href":"https:\/\/expodesign.ca\/fr\/wp-json\/wp\/v2\/pages"}],"about":[{"href":"https:\/\/expodesign.ca\/fr\/wp-json\/wp\/v2\/types\/page"}],"author":[{"embeddable":true,"href":"https:\/\/expodesign.ca\/fr\/wp-json\/wp\/v2\/users\/1"}],"replies":[{"embeddable":true,"href":"https:\/\/expodesign.ca\/fr\/wp-json\/wp\/v2\/comments?post=2528"}],"version-history":[{"count":88,"href":"https:\/\/expodesign.ca\/fr\/wp-json\/wp\/v2\/pages\/2528\/revisions"}],"predecessor-version":[{"id":7396,"href":"https:\/\/expodesign.ca\/fr\/wp-json\/wp\/v2\/pages\/2528\/revisions\/7396"}],"wp:attachment":[{"href":"https:\/\/expodesign.ca\/fr\/wp-json\/wp\/v2\/media?parent=2528"}],"curies":[{"name":"wp","href":"https:\/\/api.w.org\/{rel}","templated":true}]}}