{"id":2588,"date":"2024-02-01T11:23:28","date_gmt":"2024-02-01T11:23:28","guid":{"rendered":"https:\/\/yourcloudnetwork.net\/projects\/expo_bois\/calendrier\/"},"modified":"2026-04-27T19:07:35","modified_gmt":"2026-04-27T19:07:35","slug":"horaire","status":"publish","type":"page","link":"https:\/\/expodesign.ca\/fr\/visiter\/horaire\/","title":{"rendered":"Horaire"},"content":{"rendered":"\t\t<div data-elementor-type=\"wp-page\" data-elementor-id=\"2588\" class=\"elementor elementor-2588 elementor-1138\" data-elementor-post-type=\"page\">\n\t\t\t\t\t\t<section class=\"elementor-section elementor-top-section elementor-element elementor-element-1dd4a2c elementor-section-full_width elementor-section-height-default elementor-section-height-default\" data-id=\"1dd4a2c\" data-element_type=\"section\" data-settings=\"{&quot;background_background&quot;:&quot;classic&quot;}\">\n\t\t\t\t\t\t\t<div class=\"elementor-background-overlay\"><\/div>\n\t\t\t\t\t\t\t<div class=\"elementor-container elementor-column-gap-no\">\n\t\t\t\t\t<div class=\"elementor-column elementor-col-100 elementor-top-column elementor-element elementor-element-74d9317\" data-id=\"74d9317\" data-element_type=\"column\">\n\t\t\t<div class=\"elementor-widget-wrap elementor-element-populated\">\n\t\t\t\t\t\t<div class=\"elementor-element elementor-element-5980b14 elementor-widget elementor-widget-html\" data-id=\"5980b14\" data-element_type=\"widget\" data-widget_type=\"html.default\">\n\t\t\t\t<div class=\"elementor-widget-container\">\n\t\t\t<section class=\"expo-schedule-hero\">\r\n  <div class=\"expo-schedule-hero__inner\">\r\n    <p class=\"expo-schedule-hero__eyebrow\"><\/p>\r\n\r\n    <h1 class=\"expo-schedule-hero__title\">\r\n      Deux journ\u00e9es de conf\u00e9rences, de d\u00e9couvertes et de rencontres\r\n    <\/h1>\r\n\r\n    <p class=\"expo-schedule-hero__text\">\r\n      Retrouvez l\u2019ensemble de la programmation d\u2019Expo Design 2026, incluant les conf\u00e9rences, les temps forts de l\u2019\u00e9v\u00e9nement et les activit\u00e9s par salle.\r\n    <\/p>\r\n\r\n    <p class=\"expo-schedule-hero__meta\">\r\n      7\u20138 octobre 2026 \u00b7 Palais des congr\u00e8s de Montr\u00e9al\r\n    <\/p>\r\n  <\/div>\r\n<\/section>\t\t<\/div>\n\t\t\t\t<\/div>\n\t\t\t\t<div class=\"elementor-element elementor-element-f689e37 elementor-widget elementor-widget-html\" data-id=\"f689e37\" data-element_type=\"widget\" data-widget_type=\"html.default\">\n\t\t\t\t<div class=\"elementor-widget-container\">\n\t\t\t<section class=\"expo-schedule-overview\">\r\n  <div class=\"expo-schedule-overview__inner\">\r\n\r\n    <div class=\"expo-schedule-overview__intro\">\r\n      <p class=\"expo-schedule-overview__eyebrow\"><\/p>\r\n      <h2 class=\"expo-schedule-overview__title\">\r\n        Les temps forts de chaque journ\u00e9e\r\n      <\/h2>\r\n    <\/div>\r\n\r\n    <div class=\"expo-schedule-overview__grid\">\r\n      <article class=\"expo-day-card\">\r\n        <p class=\"expo-day-card__eyebrow\">Mercredi 7 octobre<\/p>\r\n        <h3 class=\"expo-day-card__title\">Jour 1<\/h3>\r\n\r\n        <ul class=\"expo-day-card__list\">\r\n          <li><strong>9 h \u2013 17 h<\/strong> \u00b7 Salon<\/li>\r\n          <li><strong>9 h 30 \u2013 16 h 30<\/strong> \u00b7 Conf\u00e9rences<\/li>\r\n          <li><strong>11 h 30 \u2013 13 h 30<\/strong> \u00b7 D\u00eener \/ bistro<\/li>\r\n          <li><strong>17 h \u2013 19 h<\/strong> \u00b7 Cocktail \/ r\u00e9seautage<\/li>\r\n        <\/ul>\r\n      <\/article>\r\n\r\n      <article class=\"expo-day-card\">\r\n        <p class=\"expo-day-card__eyebrow\">Jeudi 8 octobre<\/p>\r\n        <h3 class=\"expo-day-card__title\">Jour 2<\/h3>\r\n\r\n        <ul class=\"expo-day-card__list\">\r\n          <li><strong>9 h \u2013 17 h<\/strong> \u00b7 Salon<\/li>\r\n          <li><strong>9 h 30 \u2013 16 h 30<\/strong> \u00b7 Conf\u00e9rences<\/li>\r\n          <li><strong>11 h 30 \u2013 13 h 30<\/strong> \u00b7 D\u00eener \/ bistro<\/li>\r\n          <li><strong>17 h +<\/strong> \u00b7 Grand Prix du Design<\/li>\r\n        <\/ul>\r\n      <\/article>\r\n    <\/div>\r\n\r\n  <\/div>\r\n<\/section>\t\t<\/div>\n\t\t\t\t<\/div>\n\t\t\t\t<div class=\"elementor-element elementor-element-4a45775 elementor-widget elementor-widget-html\" data-id=\"4a45775\" data-element_type=\"widget\" data-widget_type=\"html.default\">\n\t\t\t\t<div class=\"elementor-widget-container\">\n\t\t\t<section class=\"expo-featured-talks\">\r\n  <div class=\"expo-featured-talks__inner\">\r\n\r\n    <div class=\"expo-featured-talks__intro\">\r\n      <p class=\"expo-featured-talks__eyebrow\"><\/p>\r\n      <h2 class=\"expo-featured-talks__title\">Quelques rendez-vous \u00e0 ne pas manquer<\/h2>\r\n    <\/div>\r\n\r\n    <div class=\"expo-featured-talks__grid\">\r\n\r\n      <article class=\"expo-talk-card\">\r\n        <!--p class=\"expo-talk-card__meta\"> <\/p-->\r\n        <h3 class=\"expo-talk-card__title\">La sp\u00e9cification \u00e0 l'\u00e8re de l'intelligence artificielle: Int\u00e9grez de vrais mat\u00e9riaux dans vos outils de visualisation.<\/h3>\r\n        <p class=\"expo-talk-card__speaker\">Philippe Hebert - Lightbeans<\/p>\r\n        <p class=\"expo-talk-card__text\">\r\n          D\u00e9couvrez comment la prochaine g\u00e9n\u00e9ration de designers visualisent, s\u00e9lectionnent et int\u00e8grent les mat\u00e9riaux dans leurs projets.\r\n        <\/p>\r\n      <\/article>\r\n\r\n      <article class=\"expo-talk-card\">\r\n        <!--p class=\"expo-talk-card__meta\">Mercredi \u00b7 13 h 30 \u00b7 Salle 2<\/p-->\r\n        <h3 class=\"expo-talk-card__title\">La porte d\u2019armoire : \u00e9volution, mati\u00e8re et impact dans le design int\u00e9rieur contemporain<\/h3>\r\n        <p class=\"expo-talk-card__speaker\">Christian Marin - Dorr Industries<\/p>\r\n        <p class=\"expo-talk-card__text\">\r\n        \r\n        <\/p>\r\n      <\/article>\r\n\r\n      <article class=\"expo-talk-card\">\r\n        <!--p class=\"expo-talk-card__meta\">Jeudi \u00b7 11 h 00 \u00b7 Salle 3<\/p-->\r\n        <h3 class=\"expo-talk-card__title\">\tL\u2019architecture invisible : quand les portes disparaissent dans le mur<\/h3>\r\n        <p class=\"expo-talk-card__speaker\">Marc-Antoine B\u00e9lisle<\/p>\r\n        <p class=\"expo-talk-card__text\">\r\n        \r\n        <\/p>\r\n      <\/article>\r\n\r\n    <\/div>\r\n  <\/div>\r\n<\/section>\t\t<\/div>\n\t\t\t\t<\/div>\n\t\t\t\t<div class=\"elementor-element elementor-element-66c6179 elementor-widget elementor-widget-html\" data-id=\"66c6179\" data-element_type=\"widget\" data-widget_type=\"html.default\">\n\t\t\t\t<div class=\"elementor-widget-container\">\n\t\t\t<!--\r\n<section class=\"expo-full-schedule\">\r\n  <div class=\"expo-full-schedule__inner\">\r\n\r\n    <div class=\"expo-full-schedule__intro\">\r\n      <p class=\"expo-full-schedule__eyebrow\">Horaire complet<\/p>\r\n      <h2 class=\"expo-full-schedule__title\">12 conf\u00e9rences r\u00e9parties dans 3 salles<\/h2>\r\n    <\/div>\r\n\r\n    <div class=\"expo-full-schedule__filters\">\r\n      <button class=\"expo-filter is-active\">Tous<\/button>\r\n      <button class=\"expo-filter\">Salle 1<\/button>\r\n      <button class=\"expo-filter\">Salle 2<\/button>\r\n      <button class=\"expo-filter\">Salle 3<\/button>\r\n    <\/div>\r\n\r\n    <div class=\"expo-full-schedule__table\">\r\n\r\n      <article class=\"expo-schedule-row\">\r\n        <div class=\"expo-schedule-row__time\">09 h 30<\/div>\r\n        <div class=\"expo-schedule-row__content\">\r\n          <h3>Titre de la conf\u00e9rence<\/h3>\r\n          <p>Nom du conf\u00e9rencier \u00b7 Une courte description de la conf\u00e9rence pour donner le ton.<\/p>\r\n        <\/div>\r\n        <div class=\"expo-schedule-row__room\">Salle 1<\/div>\r\n      <\/article>\r\n\r\n      <article class=\"expo-schedule-row\">\r\n        <div class=\"expo-schedule-row__time\">10 h 30<\/div>\r\n        <div class=\"expo-schedule-row__content\">\r\n          <h3>Titre de la conf\u00e9rence<\/h3>\r\n          <p>Nom du conf\u00e9rencier \u00b7 Une courte description de la conf\u00e9rence pour donner le ton.<\/p>\r\n        <\/div>\r\n        <div class=\"expo-schedule-row__room\">Salle 2<\/div>\r\n      <\/article>\r\n\r\n      <article class=\"expo-schedule-row\">\r\n        <div class=\"expo-schedule-row__time\">11 h 30<\/div>\r\n        <div class=\"expo-schedule-row__content\">\r\n          <h3>Titre de la conf\u00e9rence<\/h3>\r\n          <p>Nom du conf\u00e9rencier \u00b7 Une courte description de la conf\u00e9rence pour donner le ton.<\/p>\r\n        <\/div>\r\n        <div class=\"expo-schedule-row__room\">Salle 3<\/div>\r\n      <\/article>\r\n\r\n    <\/div>\r\n  <\/div>\r\n<\/section>\t\t<\/div>\n\t\t\t\t<\/div>\n\t\t\t\t<div class=\"elementor-element elementor-element-600de4e elementor-widget elementor-widget-html\" data-id=\"600de4e\" data-element_type=\"widget\" data-widget_type=\"html.default\">\n\t\t\t\t<div class=\"elementor-widget-container\">\n\t\t\t<section class=\"expo-schedule-practical\">\r\n  <div class=\"expo-schedule-practical__inner\">\r\n\r\n    <div class=\"expo-schedule-practical__intro\">\r\n      <p class=\"expo-schedule-practical__eyebrow\"><\/p>\r\n      <h2 class=\"expo-schedule-practical__title\">Pr\u00e9parez votre visite<\/h2>\r\n    <\/div>\r\n\r\n    <div class=\"expo-schedule-practical__grid\">\r\n      <div class=\"expo-practical-card\">\r\n        <h3>Acc\u00e8s aux salles<\/h3>\r\n        <p>Les conf\u00e9rences se d\u00e9roulent dans 3 salles identifi\u00e9es sur le plancher de l\u2019\u00e9v\u00e9nement.<\/p>\r\n      <\/div>\r\n\r\n      <div class=\"expo-practical-card\">\r\n        <h3>Arriv\u00e9e recommand\u00e9e<\/h3>\r\n        <p>Nous recommandons d\u2019arriver 15 minutes \u00e0 l\u2019avance pour garantir votre place.<\/p>\r\n      <\/div>\r\n\r\n      <div class=\"expo-practical-card\">\r\n        <h3>Programmation sujette \u00e0 changement<\/h3>\r\n        <p>L\u2019horaire peut \u00eatre ajust\u00e9 avant l\u2019\u00e9v\u00e9nement. Consultez cette page pour les derni\u00e8res mises \u00e0 jour.<\/p>\r\n      <\/div>\r\n    <\/div>\r\n  <\/div>\r\n<\/section>\t\t<\/div>\n\t\t\t\t<\/div>\n\t\t\t\t<div class=\"elementor-element elementor-element-2eee835 elementor-widget elementor-widget-html\" data-id=\"2eee835\" data-element_type=\"widget\" data-widget_type=\"html.default\">\n\t\t\t\t<div class=\"elementor-widget-container\">\n\t\t\t<a href=\"https:\/\/dashboard.pairconnex.app\/\/inscription\/form?id=76791dea-02a0-456a-a7a2-c290176b604c\" class=\"expo-floating-btn\" id=\"expoFloatingBtn\">\r\n R\u00e9server votre place\r\n<\/a>\t\t<\/div>\n\t\t\t\t<\/div>\n\t\t\t\t\t<\/div>\n\t\t<\/div>\n\t\t\t\t\t<\/div>\n\t\t<\/section>\n\t\t\t\t<\/div>\n\t\t","protected":false},"excerpt":{"rendered":"<p>Deux journ\u00e9es de conf\u00e9rences, de d\u00e9couvertes et de rencontres Retrouvez l\u2019ensemble de la programmation d\u2019Expo Design 2026, incluant les conf\u00e9rences, les temps forts de l\u2019\u00e9v\u00e9nement et les activit\u00e9s par salle. 7\u20138 octobre 2026 \u00b7 Palais des congr\u00e8s de Montr\u00e9al Les temps forts de chaque journ\u00e9e Mercredi 7 octobre Jour 1 9 h \u2013 17 h [&hellip;]<\/p>\n","protected":false},"author":1,"featured_media":0,"parent":2595,"menu_order":0,"comment_status":"closed","ping_status":"closed","template":"elementor_header_footer","meta":{"footnotes":""},"class_list":["post-2588","page","type-page","status-publish","hentry"],"_links":{"self":[{"href":"https:\/\/expodesign.ca\/fr\/wp-json\/wp\/v2\/pages\/2588","targetHints":{"allow":["GET"]}}],"collection":[{"href":"https:\/\/expodesign.ca\/fr\/wp-json\/wp\/v2\/pages"}],"about":[{"href":"https:\/\/expodesign.ca\/fr\/wp-json\/wp\/v2\/types\/page"}],"author":[{"embeddable":true,"href":"https:\/\/expodesign.ca\/fr\/wp-json\/wp\/v2\/users\/1"}],"replies":[{"embeddable":true,"href":"https:\/\/expodesign.ca\/fr\/wp-json\/wp\/v2\/comments?post=2588"}],"version-history":[{"count":307,"href":"https:\/\/expodesign.ca\/fr\/wp-json\/wp\/v2\/pages\/2588\/revisions"}],"predecessor-version":[{"id":7804,"href":"https:\/\/expodesign.ca\/fr\/wp-json\/wp\/v2\/pages\/2588\/revisions\/7804"}],"up":[{"embeddable":true,"href":"https:\/\/expodesign.ca\/fr\/wp-json\/wp\/v2\/pages\/2595"}],"wp:attachment":[{"href":"https:\/\/expodesign.ca\/fr\/wp-json\/wp\/v2\/media?parent=2588"}],"curies":[{"name":"wp","href":"https:\/\/api.w.org\/{rel}","templated":true}]}}