{"id":5057,"date":"2025-07-04T05:55:33","date_gmt":"2025-07-04T05:55:33","guid":{"rendered":"https:\/\/expodesign.ca\/exposants\/"},"modified":"2026-04-10T15:03:00","modified_gmt":"2026-04-10T15:03:00","slug":"exposants","status":"publish","type":"page","link":"https:\/\/expodesign.ca\/fr\/exposants\/","title":{"rendered":"Exposants"},"content":{"rendered":"\t\t<div data-elementor-type=\"wp-page\" data-elementor-id=\"5057\" class=\"elementor elementor-5057 elementor-5053\" data-elementor-post-type=\"page\">\n\t\t\t\t\t\t<section class=\"elementor-section elementor-top-section elementor-element elementor-element-84e8231 elementor-section-full_width elementor-section-height-default elementor-section-height-default\" data-id=\"84e8231\" data-element_type=\"section\" data-settings=\"{&quot;background_background&quot;:&quot;classic&quot;}\">\n\t\t\t\t\t\t\t<div class=\"elementor-background-overlay\"><\/div>\n\t\t\t\t\t\t\t<div class=\"elementor-container elementor-column-gap-no\">\n\t\t\t\t\t<div class=\"elementor-column elementor-col-100 elementor-top-column elementor-element elementor-element-b0043ab\" data-id=\"b0043ab\" data-element_type=\"column\">\n\t\t\t<div class=\"elementor-widget-wrap elementor-element-populated\">\n\t\t\t\t\t\t<div class=\"elementor-element elementor-element-22bd228 elementor-widget elementor-widget-html\" data-id=\"22bd228\" data-element_type=\"widget\" data-widget_type=\"html.default\">\n\t\t\t\t<div class=\"elementor-widget-container\">\n\t\t\t<section class=\"expo-section expo-exhibitors-hero\">\r\n  <div class=\"expo-container expo-exhibitors-hero__inner\">\r\n    <div class=\"expo-exhibitors-hero__content\">\r\n      <span class=\"expo-section-label\">Exposants<\/span>\r\n      <h1 class=\"expo-section-title\">Les marques, mat\u00e9riaux et innovations \u00e0 d\u00e9couvrir<\/h1>\r\n      <p class=\"expo-section-text\">\r\n        Explorez les entreprises qui fa\u00e7onnent l\u2019univers du design, de l\u2019architecture,\r\n        de la fabrication et des mat\u00e9riaux \u00e0 Expo Design.\r\n      <\/p>\r\n\r\n      <div class=\"expo-exhibitors-hero__actions\">\r\n        <a href=\"#liste-exposants\" class=\"expo-btn\">Voir les exposants<\/a>\r\n        <a href=\"\/fr\/exposer\/\" class=\"expo-btn\">Devenir exposant<\/a>\r\n      <\/div>\r\n    <\/div>\r\n\r\n    <div class=\"expo-exhibitors-hero__media\">\r\n      <img decoding=\"async\" src=\"https:\/\/expodesign.ca\/wp-content\/uploads\/2026\/01\/R5MK5790-scaled.jpg\" alt=\"Ambiance Expo Design\">\r\n    <\/div>\r\n  <\/div>\r\n<\/section>\t\t<\/div>\n\t\t\t\t<\/div>\n\t\t\t\t<div class=\"elementor-element elementor-element-373ab5d elementor-widget elementor-widget-html\" data-id=\"373ab5d\" data-element_type=\"widget\" data-widget_type=\"html.default\">\n\t\t\t\t<div class=\"elementor-widget-container\">\n\t\t\t<section class=\"expo-section expo-section--tight expo-exhibitors-intro\">\r\n  <div class=\"expo-container\">\r\n    <span class=\"expo-section-label\">L\u2019exp\u00e9rience exposants<\/span>\r\n    <h2 class=\"expo-section-title\">Une s\u00e9lection pens\u00e9e pour les professionnels du design<\/h2>\r\n    <p class=\"expo-section-text\">\r\n      Expo Design rassemble des exposants issus des mat\u00e9riaux, des surfaces, de la fabrication,\r\n      de l\u2019innovation et des services li\u00e9s \u00e0 l\u2019environnement b\u00e2ti.\r\n    <\/p>\r\n\r\n    <div class=\"expo-exhibitors-intro__grid\">\r\n      <div class=\"expo-exhibitors-intro__item\">\r\n        <div class=\"expo-exhibitors-intro__number\">01<\/div>\r\n        <h3>D\u00e9couvrir<\/h3>\r\n        <p>Des marques, collections et nouveaut\u00e9s \u00e0 fort potentiel.<\/p>\r\n      <\/div>\r\n\r\n      <div class=\"expo-exhibitors-intro__item\">\r\n        <div class=\"expo-exhibitors-intro__number\">02<\/div>\r\n        <h3>Comparer<\/h3>\r\n        <p>Une vue d\u2019ensemble claire sur les entreprises pr\u00e9sentes.<\/p>\r\n      <\/div>\r\n\r\n      <div class=\"expo-exhibitors-intro__item\">\r\n        <div class=\"expo-exhibitors-intro__number\">03<\/div>\r\n        <h3>Planifier<\/h3>\r\n        <p>Pr\u00e9parez vos rencontres et optimisez votre visite du salon.<\/p>\r\n      <\/div>\r\n    <\/div>\r\n  <\/div>\r\n<\/section>\t\t<\/div>\n\t\t\t\t<\/div>\n\t\t\t\t<div class=\"elementor-element elementor-element-ab662de elementor-widget elementor-widget-html\" data-id=\"ab662de\" data-element_type=\"widget\" data-widget_type=\"html.default\">\n\t\t\t\t<div class=\"elementor-widget-container\">\n\t\t\t<!--section class=\"expo-section expo-exhibitors-featured\">\r\n  <div class=\"expo-container\">\r\n    <span class=\"expo-section-label\">En vedette<\/span>\r\n    <h2 class=\"expo-section-title\">Quelques entreprises \u00e0 d\u00e9couvrir<\/h2>\r\n    <p class=\"expo-section-text\">\r\n      Une s\u00e9lection d\u2019exposants \u00e0 mettre de l\u2019avant pour orienter la d\u00e9couverte et donner du rythme \u00e0 la page.\r\n    <\/p>\r\n\r\n    <div class=\"expo-exhibitors-featured__grid\">\r\n      <article class=\"expo-featured-card\">\r\n        <img decoding=\"async\" src=\"https:\/\/expodesign.ca\/wp-content\/uploads\/2024\/09\/SublimeCollection_K.png\" alt=\"Exposant vedette\">\r\n        <div class=\"expo-featured-card__body\">\r\n          <span class=\"expo-featured-card__tag\">Mat\u00e9riaux<\/span>\r\n          <h3>Nom de l\u2019exposant<\/h3>\r\n          <p>Une courte phrase claire sur l\u2019entreprise et ce qu\u2019elle apporte \u00e0 l\u2019\u00e9v\u00e9nement.<\/p>\r\n          <div class=\"expo-featured-card__meta\">\r\n            <span>Kiosque 321<\/span>\r\n            <a href=\"#\">Voir la fiche<\/a>\r\n          <\/div>\r\n        <\/div>\r\n      <\/article>\r\n\r\n      <article class=\"expo-featured-card\">\r\n        <img decoding=\"async\" src=\"https:\/\/expodesign.ca\/wp-content\/uploads\/2024\/09\/SublimeCollection_K.png\" alt=\"Exposant vedette\">\r\n        <div class=\"expo-featured-card__body\">\r\n          <span class=\"expo-featured-card__tag\">Surfaces<\/span>\r\n          <h3>Nom de l\u2019exposant<\/h3>\r\n          <p>Une courte phrase claire sur l\u2019entreprise et ce qu\u2019elle apporte \u00e0 l\u2019\u00e9v\u00e9nement.<\/p>\r\n          <div class=\"expo-featured-card__meta\">\r\n            <span>Kiosque 918<\/span>\r\n            <a href=\"#\">Voir la fiche<\/a>\r\n          <\/div>\r\n        <\/div>\r\n      <\/article>\r\n\r\n      <article class=\"expo-featured-card\">\r\n        <img decoding=\"async\" src=\"https:\/\/expodesign.ca\/wp-content\/uploads\/2024\/09\/SublimeCollection_K.png\" alt=\"Exposant vedette\">\r\n        <div class=\"expo-featured-card__body\">\r\n          <span class=\"expo-featured-card__tag\">Design<\/span>\r\n          <h3>Nom de l\u2019exposant<\/h3>\r\n          <p>Une courte phrase claire sur l\u2019entreprise et ce qu\u2019elle apporte \u00e0 l\u2019\u00e9v\u00e9nement.<\/p>\r\n          <div class=\"expo-featured-card__meta\">\r\n            <span>Kiosque 1025<\/span>\r\n            <a href=\"#\">Voir la fiche<\/a>\r\n          <\/div>\r\n        <\/div>\r\n      <\/article>\r\n    <\/div>\r\n  <\/div>\r\n<\/section>\t\t<\/div>\n\t\t\t\t<\/div>\n\t\t\t\t<div class=\"elementor-element elementor-element-f4787cb elementor-widget elementor-widget-html\" data-id=\"f4787cb\" data-element_type=\"widget\" data-widget_type=\"html.default\">\n\t\t\t\t<div class=\"elementor-widget-container\">\n\t\t\t<!--section class=\"expo-search-block\" id=\"liste-exposants\">\r\n  <div class=\"expo-search-block__container\">\r\n    <div class=\"expo-search-block__intro\">\r\n      <span class=\"expo-search-block__label\">Recherche<\/span>\r\n      <h2>Trouvez rapidement un exposant<\/h2>\r\n      <p>\r\n        Recherchez par nom ou par cat\u00e9gorie pour trouver rapidement les entreprises qui vous int\u00e9ressent.\r\n      <\/p>\r\n    <\/div>\r\n\r\n    <div class=\"expo-search-block__panel\">\r\n      <form class=\"expo-search-form\" id=\"expoSearchForm\">\r\n        <div class=\"expo-search-field expo-search-field--name\">\r\n          <label for=\"expoSearch\">Nom de l\u2019exposant<\/label>\r\n          <input type=\"text\" id=\"expoSearch\" placeholder=\"Ex. Uniboard\">\r\n        <\/div>\r\n\r\n        <div class=\"expo-search-field expo-search-field--category\">\r\n          <label for=\"expoCategory\">Cat\u00e9gorie<\/label>\r\n          <select id=\"expoCategory\">\r\n            <option value=\"\">Toutes les cat\u00e9gories<\/option>\r\n            <option value=\"panneaux-decoratifs\">Panneaux d\u00e9coratifs<\/option>\r\n            <option value=\"surfaces-materiaux\">Surfaces et mat\u00e9riaux<\/option>\r\n            <option value=\"panneaux-melamines\">Panneaux m\u00e9lamin\u00e9s<\/option>\r\n            <option value=\"association\">Association<\/option>\r\n            <option value=\"foyers\">Foyers<\/option>\r\n            <option value=\"logiciel\">Logiciel<\/option>\r\n            <option value=\"quincaillerie\">Quincaillerie<\/option>\r\n            <option value=\"service\">Service<\/option>\r\n          <\/select>\r\n        <\/div>\r\n\r\n        <div class=\"expo-search-actions\">\r\n          <button type=\"submit\" class=\"expo-search-btn\">Rechercher<\/button>\r\n          <button type=\"button\" class=\"expo-search-btn\" id=\"expoResetBtn\">R\u00e9initialiser<\/button>\r\n        <\/div>\r\n      <\/form>\r\n    <\/div>\r\n  <\/div>\r\n<\/section>\r\n\r\n<section class=\"expo-exhibitors\">\r\n  <div class=\"expo-exhibitors__container\">\r\n    <div class=\"expo-exhibitors__header\">\r\n      <span class=\"expo-exhibitors__label\">Exposants<\/span>\r\n      <h2>Base de donn\u00e9es des exposants<\/h2>\r\n      <p id=\"expoResultsCount\">6 exposants affich\u00e9s<\/p>\r\n    <\/div>\r\n\r\n    <div class=\"expo-exhibitors__grid\" id=\"expoExhibitorsGrid\">\r\n      <article class=\"expo-exhibitor-card\" data-name=\"uniboard\" data-category=\"panneaux-decoratifs\">\r\n        <div class=\"expo-exhibitor-card__content\">\r\n          <h3>Uniboard<\/h3>\r\n          <p class=\"expo-exhibitor-card__category\">Panneaux d\u00e9coratifs<\/p>\r\n          <div class=\"expo-exhibitor-card__meta\"><span>Kiosque 706<\/span><\/div>\r\n        <\/div>\r\n      <\/article>\r\n\r\n      <article class=\"expo-exhibitor-card\" data-name=\"tafisa\" data-category=\"panneaux-melamines\">\r\n        <div class=\"expo-exhibitor-card__content\">\r\n          <h3>Tafisa<\/h3>\r\n          <p class=\"expo-exhibitor-card__category\">Panneaux m\u00e9lamin\u00e9s<\/p>\r\n          <div class=\"expo-exhibitor-card__meta\"><span>Kiosque 734<\/span><\/div>\r\n        <\/div>\r\n      <\/article>\r\n\r\n      <article class=\"expo-exhibitor-card\" data-name=\"formica\" data-category=\"surfaces-materiaux\">\r\n        <div class=\"expo-exhibitor-card__content\">\r\n          <h3>Formica<\/h3>\r\n          <p class=\"expo-exhibitor-card__category\">Surfaces et mat\u00e9riaux<\/p>\r\n          <div class=\"expo-exhibitor-card__meta\"><span>Kiosque 906<\/span><\/div>\r\n        <\/div>\r\n      <\/article>\r\n\r\n      <article class=\"expo-exhibitor-card\" data-name=\"aappq\" data-category=\"association\">\r\n        <div class=\"expo-exhibitor-card__content\">\r\n          <h3>AAPPQ<\/h3>\r\n          <p class=\"expo-exhibitor-card__category\">Association<\/p>\r\n        <\/div>\r\n      <\/article>\r\n\r\n      <article class=\"expo-exhibitor-card\" data-name=\"microvellum software\" data-category=\"logiciel\">\r\n        <div class=\"expo-exhibitor-card__content\">\r\n          <h3>Microvellum Software<\/h3>\r\n          <p class=\"expo-exhibitor-card__category\">Logiciel<\/p>\r\n          <div class=\"expo-exhibitor-card__meta\"><span>Kiosque 216<\/span><\/div>\r\n        <\/div>\r\n      <\/article>\r\n\r\n      <article class=\"expo-exhibitor-card\" data-name=\"rehau\" data-category=\"quincaillerie\">\r\n        <div class=\"expo-exhibitor-card__content\">\r\n          <h3>Rehau<\/h3>\r\n          <p class=\"expo-exhibitor-card__category\">Quincaillerie<\/p>\r\n          <div class=\"expo-exhibitor-card__meta\"><span>Kiosque 210<\/span><\/div>\r\n        <\/div>\r\n      <\/article>\r\n    <\/div>\r\n\r\n    <div class=\"expo-exhibitors__empty\" id=\"expoEmptyState\" hidden>\r\n      <p>Aucun exposant ne correspond \u00e0 votre recherche.<\/p>\r\n    <\/div>\r\n  <\/div>\r\n<\/section>\r\n\r\n<script>\r\ndocument.addEventListener('DOMContentLoaded', function () {\r\n  const form = document.getElementById('expoSearchForm');\r\n  const searchInput = document.getElementById('expoSearch');\r\n  const categorySelect = document.getElementById('expoCategory');\r\n  const resetBtn = document.getElementById('expoResetBtn');\r\n  const cards = document.querySelectorAll('.expo-exhibitor-card');\r\n  const resultsCount = document.getElementById('expoResultsCount');\r\n  const emptyState = document.getElementById('expoEmptyState');\r\n\r\n  function normalize(value) {\r\n    return (value || '')\r\n      .toString()\r\n      .toLowerCase()\r\n      .normalize('NFD')\r\n      .replace(\/[\\u0300-\\u036f]\/g, '')\r\n      .trim();\r\n  }\r\n\r\n  function updateCount(count) {\r\n    if (count === 0) {\r\n      resultsCount.textContent = '0 exposant affich\u00e9';\r\n    } else if (count === 1) {\r\n      resultsCount.textContent = '1 exposant affich\u00e9';\r\n    } else {\r\n      resultsCount.textContent = count + ' exposants affich\u00e9s';\r\n    }\r\n  }\r\n\r\n  function filterExhibitors() {\r\n    const searchValue = normalize(searchInput.value);\r\n    const categoryValue = normalize(categorySelect.value);\r\n    let visibleCount = 0;\r\n\r\n    cards.forEach(function (card) {\r\n      const cardName = normalize(card.dataset.name);\r\n      const cardCategory = normalize(card.dataset.category);\r\n\r\n      const matchName = !searchValue || cardName.includes(searchValue);\r\n      const matchCategory = !categoryValue || cardCategory === categoryValue;\r\n      const shouldShow = matchName && matchCategory;\r\n\r\n      card.style.display = shouldShow ? '' : 'none';\r\n\r\n      if (shouldShow) {\r\n        visibleCount += 1;\r\n      }\r\n    });\r\n\r\n    updateCount(visibleCount);\r\n    emptyState.hidden = visibleCount !== 0;\r\n  }\r\n\r\n  form.addEventListener('submit', function (e) {\r\n    e.preventDefault();\r\n    filterExhibitors();\r\n  });\r\n\r\n  searchInput.addEventListener('input', filterExhibitors);\r\n  categorySelect.addEventListener('change', filterExhibitors);\r\n\r\n  resetBtn.addEventListener('click', function () {\r\n    searchInput.value = '';\r\n    categorySelect.value = '';\r\n    filterExhibitors();\r\n  });\r\n\r\n  filterExhibitors();\r\n});\r\n<\/script>\t\t<\/div>\n\t\t\t\t<\/div>\n\t\t\t\t<div class=\"elementor-element elementor-element-1f514be elementor-widget elementor-widget-html\" data-id=\"1f514be\" data-element_type=\"widget\" data-widget_type=\"html.default\">\n\t\t\t\t<div class=\"elementor-widget-container\">\n\t\t\t<section class=\"expo-cta\">\r\n  <div class=\"expo-cta__container\">\r\n    <div class=\"expo-cta__content\">\r\n      <h2>Vous souhaitez exposer \u00e0 Expo Design ?<\/h2>\r\n      <p>\r\n        Rejoignez les leaders de l\u2019industrie et pr\u00e9sentez vos produits \u00e0 un public qualifi\u00e9.\r\n      <\/p>\r\n\r\n      <div class=\"expo-cta__actions\">\r\n        <a href=\"\/fr\/exposer\/\" class=\"expo-btn\">Devenir exposant<\/a>\r\n        <a href=\"\/fr\/contact\/\" class=\"expo-btn expo-btn--outline\">Nous contacter<\/a>\r\n      <\/div>\r\n    <\/div>\r\n  <\/div>\r\n<\/section>\t\t<\/div>\n\t\t\t\t<\/div>\n\t\t\t\t\t<\/div>\n\t\t<\/div>\n\t\t\t\t\t<\/div>\n\t\t<\/section>\n\t\t\t\t<\/div>\n\t\t","protected":false},"excerpt":{"rendered":"<p>Exposants Les marques, mat\u00e9riaux et innovations \u00e0 d\u00e9couvrir Explorez les entreprises qui fa\u00e7onnent l\u2019univers du design, de l\u2019architecture, de la fabrication et des mat\u00e9riaux \u00e0 Expo Design. Voir les exposants Devenir exposant L\u2019exp\u00e9rience exposants Une s\u00e9lection pens\u00e9e pour les professionnels du design Expo Design rassemble des exposants issus des mat\u00e9riaux, des surfaces, de la fabrication, [&hellip;]<\/p>\n","protected":false},"author":1,"featured_media":0,"parent":0,"menu_order":0,"comment_status":"closed","ping_status":"closed","template":"elementor_header_footer","meta":{"footnotes":""},"class_list":["post-5057","page","type-page","status-publish","hentry"],"_links":{"self":[{"href":"https:\/\/expodesign.ca\/fr\/wp-json\/wp\/v2\/pages\/5057","targetHints":{"allow":["GET"]}}],"collection":[{"href":"https:\/\/expodesign.ca\/fr\/wp-json\/wp\/v2\/pages"}],"about":[{"href":"https:\/\/expodesign.ca\/fr\/wp-json\/wp\/v2\/types\/page"}],"author":[{"embeddable":true,"href":"https:\/\/expodesign.ca\/fr\/wp-json\/wp\/v2\/users\/1"}],"replies":[{"embeddable":true,"href":"https:\/\/expodesign.ca\/fr\/wp-json\/wp\/v2\/comments?post=5057"}],"version-history":[{"count":147,"href":"https:\/\/expodesign.ca\/fr\/wp-json\/wp\/v2\/pages\/5057\/revisions"}],"predecessor-version":[{"id":7658,"href":"https:\/\/expodesign.ca\/fr\/wp-json\/wp\/v2\/pages\/5057\/revisions\/7658"}],"wp:attachment":[{"href":"https:\/\/expodesign.ca\/fr\/wp-json\/wp\/v2\/media?parent=5057"}],"curies":[{"name":"wp","href":"https:\/\/api.w.org\/{rel}","templated":true}]}}